{"id":1828,"date":"2023-08-04T12:54:24","date_gmt":"2023-08-04T10:54:24","guid":{"rendered":"https:\/\/500.gr.ch\/impressum-datenschutz\/"},"modified":"2024-02-08T15:16:46","modified_gmt":"2024-02-08T14:16:46","slug":"impressum-datenschutz","status":"publish","type":"page","link":"https:\/\/500.gr.ch\/it\/impressum-datenschutz\/","title":{"rendered":"Impressum\/Protezione dei dati"},"content":{"rendered":"<div class=\"wpb-content-wrapper\"><p>[vc_section el_class=&#8221;hero hero_page full_width&#8221; css=&#8221;.vc_custom_1689938943357{background-image: url(https:\/\/500.gr.ch\/wp-content\/uploads\/2023\/07\/Karte_Drei_Buende-3638462761-1.png?id=15) !important;background-position: center !important;background-repeat: no-repeat !important;background-size: cover !important;}&#8221;][vc_row][vc_column][vc_column_text el_class=&#8221;mb-0 white_text title_element&#8221;]<\/p>\n<h1 style=\"text-align: center;\">Impressum<\/h1>\n<p>[\/vc_column_text][\/vc_column][\/vc_row][\/vc_section][vc_section el_class=&#8221;impressum_section&#8221;][vc_row][vc_column][vc_column_text]<\/p>\n<h2>Herausgeber und Kontakt<\/h2>\n<p>[\/vc_column_text][vc_column_text]Die Webseite <a href=\"https:\/\/500.gr.ch\/it\/\">https:\/\/500.gr.ch<\/a> wird von Vinavant AG, Landquart, als externe Projektleiter f\u00fcr die Umsetzung der Jubil\u00e4umsaktivit\u00e4ten \u00ab500 Jahre Freistaat der Drei B\u00fcnde\u00bb im Auftrag des Kantons Graub\u00fcnden betrieben:<\/p>\n<p>Vinavant AG<br \/>\nBahnhofstrasse 9<br \/>\n7302 Landquart<br \/>\nTelefon 081 66 1 20 20<br \/>\nE-Mail <a title=\"\" href=\"mailto:info@vinavant.ch\">info@vinavant.ch\u200b<\/a>[\/vc_column_text][\/vc_column][\/vc_row][vc_row][vc_column][vc_column_text]<\/p>\n<h2>Konzept, Gestaltung und Programmierung<\/h2>\n<p>[\/vc_column_text][vc_column_text]Vinavant AG \u2013 Marketing &amp; Kommunikation<br \/>\nBahnhofstrasse 9<br \/>\n7302 Landquart<br \/>\n<a href=\"http:\/\/www.vinavant.ch\">www.vinavant.ch<\/a>[\/vc_column_text][\/vc_column][\/vc_row][vc_row][vc_column][vc_column_text]<\/p>\n<h2>Copyright Bild und Text<\/h2>\n<p>[\/vc_column_text][vc_column_text]Die Weiterverwendung von Bild und Text jeglicher Art bedarf das schriftliche Einverst\u00e4ndnis von Vinavant AG.<\/p>\n<p>Bilder: Staatsarchiv Graub\u00fcnden[\/vc_column_text][\/vc_column][\/vc_row][vc_row][vc_column][vc_column_text]<\/p>\n<h2>Datenschutz<\/h2>\n<p>[\/vc_column_text][vc_column_text]<em>Stand: Januar 2024<\/em><\/p>\n<p>Die Projektorganisation \u00ab500 Jahre Freistaat der Drei B\u00fcnde\u00bb nimmt den Schutz Ihrer pers\u00f6nlichen Daten ernst. Diese Datenschutzerkl\u00e4rung informiert Sie dar\u00fcber, wie wir mit Ihren personenbezogenen Daten umgehen, insbesondere im Zusammenhang mit unserer Webseite.<\/p>\n<p><strong style=\"font-family: var(--list--font-family); background-color: var(--global--color-background); color: var(--global--color-primary); font-size: var(--global--font-size-base);\">1. Verantwortliche Stelle<\/strong><\/p>\n<p>Verantwortlich f\u00fcr die Datenverarbeitung:<br \/>\nProjektorganisation \u00ab500 Jahre Freistaat der Drei B\u00fcnde\u00bb<\/p>\n<p><strong style=\"font-family: var(--list--font-family); background-color: var(--global--color-background); color: var(--global--color-primary); font-size: var(--global--font-size-base);\">2. Erhobene Daten und Zweck der Verarbeitung<\/strong><\/p>\n<p>2.1 <strong>Besuch der Webseite:<\/strong><\/p>\n<p>Bei jedem Zugriff auf unsere Webseite werden automatisch allgemeine Informationen (z.B. IP-Adresse, Browsertyp, Datum und Uhrzeit) durch Google Analytics erfasst. Diese Informationen dienen ausschliesslich statistischen Zwecken und der Verbesserung unsere Inhalte.<\/p>\n<p>2.2 <strong>Google Analytics:<\/strong><\/p>\n<p>Unsere Webseite verwendet Google Analytics, einen Webanalysedienst der Google LLC. Google Analytics verwendet Cookies, um die Nutzung der Webseite zu analysieren. Die durch den Cookie erzeugten Informationen \u00fcber Ihre Benutzung der Webseite werden an einen Server von Google in den USA \u00fcbertragen und dort gespeichert. Google wird diese Informationen nutzen, um Ihre Nutzung der Webseite auszuwerten, Berichte \u00fcber die Webseitenaktivit\u00e4ten f\u00fcr uns zusammenzustellen und weitere mit der Webseitennutzung und der Internetnutzung verbundene Dienstleistungen zu erbringen. <a href=\"https:\/\/support.google.com\/analytics\/answer\/6004245?hl=de&amp;ref_topic=2919631&amp;sjid=9563037270465833315-EU\">Weitere Informationen finden Sie hier.<\/a><\/p>\n<p>2.3 <strong>Mailchimp-Newsletter:<\/strong><\/p>\n<p>Falls Sie unseren Newsletter abonnieren, speichern wir Ihre E-Mail-Adresse und ggf. Ihren Namen. Diese Informationen werden ausschliesslich f\u00fcr den Versand von Newslettern verwendet und nicht an Dritte weitergegeben. <a href=\"https:\/\/www.intuit.com\/privacy\/statement\/\">Weitere Informationen finden Sie hier.<\/a><\/p>\n<p><strong style=\"font-family: var(--list--font-family); background-color: var(--global--color-background); color: var(--global--color-primary); font-size: var(--global--font-size-base);\">3. Weitergabe von Daten an Dritte<\/strong><\/p>\n<p>Wir geben Ihre personenbezogenen Daten nicht ohne Ihre ausdr\u00fcckliche Einwilligung an Dritte weiter, es sei denn, dies ist zur Erf\u00fcllung unserer vertraglichen Verpflichtungen oder aufgrund gesetzlicher Vorgaben erforderlich.<\/p>\n<p><strong style=\"font-family: var(--list--font-family); background-color: var(--global--color-background); color: var(--global--color-primary); font-size: var(--global--font-size-base);\">4. Datensicherheit<\/strong><\/p>\n<p>Wir setzen technische und organisatorische Sicherheitsmassnahmen ein, um Ihre durch uns verwalteten Daten gegen zuf\u00e4llige oder vors\u00e4tzliche Manipulation, Verlust, Zerst\u00f6rung oder gegen den Zugriff unberechtigter Personen zu sch\u00fctzen.<\/p>\n<p>Der Zugriff auf unsere Website erfolgt mittels Transportverschl\u00fcsselung (SSL \/ TLS, insbesondere mit dem Hypertext Transfer Protocol Secure, abgek\u00fcrzt HTTPS). Die meisten Browser kennzeichnen Transportverschl\u00fcsselung mit einem Vorh\u00e4ngeschloss in der Adressleiste.<\/p>\n<p><strong style=\"font-family: var(--list--font-family); background-color: var(--global--color-background); color: var(--global--color-primary); font-size: var(--global--font-size-base);\">5. Ihre Rechte<\/strong><\/p>\n<p>Sie haben das Recht auf Auskunft, Berichtigung, L\u00f6schung und Sperrung Ihrer gespeicherten Daten. Kontaktieren Sie uns dazu bitte unter den unten angegebenen Kontaktdaten.<\/p>\n<p><strong style=\"font-family: var(--list--font-family); background-color: var(--global--color-background); color: var(--global--color-primary); font-size: var(--global--font-size-base);\">6. Kontakt<\/strong><\/p>\n<p>F\u00fcr Datenschutzanfragen oder weitere Informationen erreichen Sie uns wie folgt:<\/p>\n<p>Projekt \u00ab500 Jahre Freistaat der Drei B\u00fcnde\u00bb, <a href=\"mailto:info@500.gr.ch\">info@500.gr.ch<\/a>[\/vc_column_text][\/vc_column][\/vc_row][\/vc_section]<\/p>\n<\/div>","protected":false},"excerpt":{"rendered":"<p>[vc_section el_class=&#8221;hero hero_page full_width&#8221; css=&#8221;.vc_custom_1689938943357{background-image: url(https:\/\/500.gr.ch\/wp-content\/uploads\/2023\/07\/Karte_Drei_Buende-3638462761-1.png?id=15) !important;background-position: center !important;background-repeat: no-repeat !important;background-size: cover !important;}&#8221;][vc_row][vc_column][vc_column_text el_class=&#8221;mb-0 white_text title_element&#8221;] Impressum [\/vc_column_text][\/vc_column][\/vc_row][\/vc_section][vc_section el_class=&#8221;impressum_section&#8221;][vc_row][vc_column][vc_column_text] Herausgeber und Kontakt [\/vc_column_text][vc_column_text]Die Webseite https:\/\/500.gr.ch wird von Vinavant AG, Landquart, als externe Projektleiter f\u00fcr die Umsetzung der Jubil\u00e4umsaktivit\u00e4ten \u00ab500 Jahre Freistaat der Drei B\u00fcnde\u00bb im Auftrag des Kantons Graub\u00fcnden betrieben: Vinavant AG Bahnhofstrasse 9 7302&hellip; <a class=\"more-link\" href=\"https:\/\/500.gr.ch\/it\/impressum-datenschutz\/\">Continua a leggere <span class=\"screen-reader-text\">Impressum\/Protezione dei dati<\/span><\/a><\/p>\n","protected":false},"author":1,"featured_media":0,"parent":0,"menu_order":0,"comment_status":"closed","ping_status":"closed","template":"","meta":{"_acf_changed":false,"inline_featured_image":false,"footnotes":""},"class_list":["post-1828","page","type-page","status-publish","hentry","entry"],"acf":[],"_links":{"self":[{"href":"https:\/\/500.gr.ch\/it\/wp-json\/wp\/v2\/pages\/1828","targetHints":{"allow":["GET"]}}],"collection":[{"href":"https:\/\/500.gr.ch\/it\/wp-json\/wp\/v2\/pages"}],"about":[{"href":"https:\/\/500.gr.ch\/it\/wp-json\/wp\/v2\/types\/page"}],"author":[{"embeddable":true,"href":"https:\/\/500.gr.ch\/it\/wp-json\/wp\/v2\/users\/1"}],"replies":[{"embeddable":true,"href":"https:\/\/500.gr.ch\/it\/wp-json\/wp\/v2\/comments?post=1828"}],"version-history":[{"count":5,"href":"https:\/\/500.gr.ch\/it\/wp-json\/wp\/v2\/pages\/1828\/revisions"}],"predecessor-version":[{"id":1955,"href":"https:\/\/500.gr.ch\/it\/wp-json\/wp\/v2\/pages\/1828\/revisions\/1955"}],"wp:attachment":[{"href":"https:\/\/500.gr.ch\/it\/wp-json\/wp\/v2\/media?parent=1828"}],"curies":[{"name":"wp","href":"https:\/\/api.w.org\/{rel}","templated":true}]}}