{"id":2918,"date":"2024-04-17T08:51:24","date_gmt":"2024-04-17T06:51:24","guid":{"rendered":"https:\/\/500.gr.ch\/giornata-di-raccolta-dei-tesori\/"},"modified":"2024-04-26T12:07:03","modified_gmt":"2024-04-26T10:07:03","slug":"giornata-di-raccolta-dei-tesori","status":"publish","type":"page","link":"https:\/\/500.gr.ch\/it\/giornata-di-raccolta-dei-tesori\/","title":{"rendered":"Giornata di raccolta dei tesori"},"content":{"rendered":"<div class=\"wpb-content-wrapper\"><p>[vc_section el_class=&#8221;hero hero_page full_width&#8221; css=&#8221;.vc_custom_1689938943357{background-image: url(https:\/\/500.gr.ch\/wp-content\/uploads\/2023\/07\/Karte_Drei_Buende-3638462761-1.png?id=15) !important;background-position: center !important;background-repeat: no-repeat !important;background-size: cover !important;}&#8221;][vc_row][vc_column][vc_column_text el_class=&#8221;mb-0 white_text title_element&#8221;]<\/p>\n<h1 style=\"text-align: center;\">Giornata di raccolta<br \/>\ndei tesori<\/h1>\n<p>[\/vc_column_text][\/vc_column][\/vc_row][vc_row el_class=&#8221;scroll_icon_wrapper_row&#8221;][vc_column][vc_column_text el_class=&#8221;mb-0 scroll_icon_wrapper&#8221;]<div class=\"scroll_icon_el\"><svg width=\"65\" height=\"65\" viewBox=\"0 0 65 65\" fill=\"none\" xmlns=\"http:\/\/www.w3.org\/2000\/svg\"> <path fill-rule=\"evenodd\" clip-rule=\"evenodd\" d=\"M54.3022 31.7322C55.2769 32.7086 55.2769 34.2915 54.3022 35.2678L34.3355 55.2677C33.3608 56.244 31.7805 56.244 30.8059 55.2677L10.8391 35.2678C9.86452 34.2914 9.86452 32.7085 10.8391 31.7322C11.8138 30.7559 13.3941 30.7559 14.3688 31.7322L32.5707 49.9645L50.7725 31.7322C51.7472 30.7559 53.3275 30.7559 54.3022 31.7322Z\" fill=\"white\"\/> <path fill-rule=\"evenodd\" clip-rule=\"evenodd\" d=\"M54.3022 8.73222C55.2769 9.70855 55.2769 11.2915 54.3022 12.2678L34.3355 32.2677C33.3608 33.244 31.7805 33.244 30.8059 32.2677L10.8391 12.2678C9.86452 11.2914 9.86452 9.70855 10.8391 8.73222C11.8138 7.75592 13.3941 7.75592 14.3688 8.73222L32.5707 26.9645L50.7725 8.73222C51.7472 7.75592 53.3275 7.75592 54.3022 8.73222Z\" fill=\"white\"\/> <\/svg><\/div>[\/vc_column_text][\/vc_column][\/vc_row][\/vc_section][vc_section el_id=&#8221;intro&#8221;][vc_row el_class=&#8221;intro_text intro_text_partner&#8221;][vc_column][vc_column_text el_class=&#8221;title_h3 mb-0&#8243;]Benvenuti alla giornata di raccolta dei tesori!<\/p>\n<p>Hai un oggetto che associ ai Grigioni\/alla patria? Portalo con te per partecipare alla mostra \u00abTesori grigionesi in viaggio\u00bb![\/vc_column_text][\/vc_column][\/vc_row][\/vc_section][vc_row el_class=&#8221;atlas_content_wrapper&#8221;][vc_column][vc_row_inner content_placement=&#8221;middle&#8221; el_class=&#8221;atlas_content_item animate_el&#8221; css=&#8221;.vc_custom_1714126019076{background-color: rgba(40,40,40,0.05) !important;*background-color: rgb(40,40,40) !important;}&#8221;][vc_column_inner el_class=&#8221;atlas_item_image&#8221; width=&#8221;1\/2&#8243;][vc_single_image image=&#8221;2886&#8243; img_size=&#8221;full&#8221; el_class=&#8221;mb-0&#8243;][\/vc_column_inner][vc_column_inner el_class=&#8221;atlas_item_content&#8221; width=&#8221;1\/2&#8243;][vc_column_text el_class=&#8221;title_element&#8221;]<\/p>\n<h2>Giorni regionali di raccolta dei tesori<\/h2>\n<p>[\/vc_column_text][vc_column_text]Le date delle giornate regionali di raccolta dei tesori si trovano nel programma quadro della rispettiva localit\u00e0.[\/vc_column_text][vc_btn title=&#8221;Piano del tour&#8221; link=&#8221;url:https%3A%2F%2F500.gr.ch%2Fit%2Fmostra-itinerante-localita-del-tour%2F|title:Piano%20del%20tour|target:_blank|rel:nofollow|&#8221;][\/vc_column_inner][\/vc_row_inner][\/vc_column][\/vc_row][vc_section][vc_row][vc_column][vc_tta_accordion][vc_tta_section title=&#8221;Cos&#8217;\u00e8 un tesoro grigionese?&#8221; tab_id=&#8221;1713284040416-4ca5fd6f-8594&#8243;][vc_column_text]Un tesoro grigionese \u00e8 un oggetto personale che associ ai Grigioni o alla patria. Porta il tuo tesoro a una giornata di raccolta dei tesori e lo esporremo nel container della mostra (fino a esaurimento dei posti disponibili). In questo modo entrerai a far parte della mostra itinerante \u00abTesori grigionesi in viaggio\u00bb.[\/vc_column_text][\/vc_tta_section][vc_tta_section title=&#8221;Cosa succede al mio tesoro grigionese dopo che l&#8217;ho consegnato?&#8221; tab_id=&#8221;1713284040424-3cdc470f-d582&#8243;][vc_column_text]Il tuo tesoro grigionese sar\u00e0 presentato nel container della mostra. Nell&#8217;autunno del 2024 sar\u00e0 addirittura esposto al Museo Retico di Coira. Dopo l&#8217;esposizione al Museo Retico di Coira, potrai ritirarlo l\u00ec.[\/vc_column_text][\/vc_tta_section][vc_tta_section title=&#8221;Quali requisiti deve soddisfare il mio tesoro?&#8221; tab_id=&#8221;1713284194677-b0858dbe-3864&#8243;][vc_column_text]<strong>Dimensioni<br \/>\n<\/strong>Deve entrare nelle nostre vetrine e non deve essere pi\u00f9 grande di un foglio A3 (due fogli A4). Inoltre, non deve essere pi\u00f9 profondo della lunghezza di una mano. Anche gli oggetti pi\u00f9 piccoli sono ben accetti.<\/p>\n<p><strong>Stabilit\u00e0<br \/>\n<\/strong>Il tuo tesoro deve essere abbastanza stabile per il trasporto.<\/p>\n<p><strong>Condizioni<br \/>\n<\/strong>Purtroppo non possiamo portare in viaggio oggetti deperibili o in cattive condizioni.<\/p>\n<p>La direzione del progetto si riserva il diritto di rifiutare determinati oggetti.[\/vc_column_text][\/vc_tta_section][vc_tta_section title=&#8221;Perch\u00e9 raccogliamo tesori grigionesi?&#8221; tab_id=&#8221;1713284255892-ad12ab43-71e0&#8243;][vc_column_text]Raccogliamo tesori per documentare la diversit\u00e0 e il significato degli oggetti che le persone associano ai Grigioni. Questi oggetti raccontano storie sulla cultura, le tradizioni e la vita quotidiana nelle regioni. Raccogliendo ed esponendo questi tesori, possiamo rendere il patrimonio culturale dei Grigioni visibile e accessibile al pubblico.[\/vc_column_text][\/vc_tta_section][\/vc_tta_accordion][\/vc_column][\/vc_row][\/vc_section][vc_row disable_element=&#8221;yes&#8221;][vc_column][vc_toggle title=&#8221;Cos&#8217;\u00e8 un tesoro grigionese?&#8221; size=&#8221;sm&#8221; css=&#8221;.vc_custom_1713338609616{border-radius: 5px !important;}&#8221;]Un tesoro grigionese \u00e8 un oggetto personale che associ ai Grigioni o alla patria. Porta il tuo tesoro a una giornata di raccolta dei tesori e lo esporremo nel container della mostra (fino a esaurimento dei posti disponibili). In questo modo entrerai a far parte della mostra itinerante \u00abTesori grigionesi in viaggio\u00bb.[\/vc_toggle][\/vc_column][\/vc_row][vc_section el_class=&#8221;master_row&#8221;][\/vc_section]<\/p>\n<\/div>","protected":false},"excerpt":{"rendered":"<p>[vc_section el_class=&#8221;hero hero_page full_width&#8221; css=&#8221;.vc_custom_1689938943357{background-image: url(https:\/\/500.gr.ch\/wp-content\/uploads\/2023\/07\/Karte_Drei_Buende-3638462761-1.png?id=15) !important;background-position: center !important;background-repeat: no-repeat !important;background-size: cover !important;}&#8221;][vc_row][vc_column][vc_column_text el_class=&#8221;mb-0 white_text title_element&#8221;] Giornata di raccolta dei tesori [\/vc_column_text][\/vc_column][\/vc_row][vc_row el_class=&#8221;scroll_icon_wrapper_row&#8221;][vc_column][vc_column_text el_class=&#8221;mb-0 scroll_icon_wrapper&#8221;][\/vc_column_text][\/vc_column][\/vc_row][\/vc_section][vc_section el_id=&#8221;intro&#8221;][vc_row el_class=&#8221;intro_text intro_text_partner&#8221;][vc_column][vc_column_text el_class=&#8221;title_h3 mb-0&#8243;]Benvenuti alla giornata di raccolta dei tesori! Hai un oggetto che associ ai Grigioni\/alla patria? Portalo con te per partecipare alla mostra \u00abTesori grigionesi in viaggio\u00bb![\/vc_column_text][\/vc_column][\/vc_row][\/vc_section][vc_row&hellip; <a class=\"more-link\" href=\"https:\/\/500.gr.ch\/it\/giornata-di-raccolta-dei-tesori\/\">Continua a leggere <span class=\"screen-reader-text\">Giornata di raccolta dei tesori<\/span><\/a><\/p>\n","protected":false},"author":8,"featured_media":0,"parent":0,"menu_order":0,"comment_status":"closed","ping_status":"closed","template":"","meta":{"_acf_changed":false,"inline_featured_image":false,"footnotes":""},"class_list":["post-2918","page","type-page","status-publish","hentry","entry"],"acf":[],"_links":{"self":[{"href":"https:\/\/500.gr.ch\/it\/wp-json\/wp\/v2\/pages\/2918","targetHints":{"allow":["GET"]}}],"collection":[{"href":"https:\/\/500.gr.ch\/it\/wp-json\/wp\/v2\/pages"}],"about":[{"href":"https:\/\/500.gr.ch\/it\/wp-json\/wp\/v2\/types\/page"}],"author":[{"embeddable":true,"href":"https:\/\/500.gr.ch\/it\/wp-json\/wp\/v2\/users\/8"}],"replies":[{"embeddable":true,"href":"https:\/\/500.gr.ch\/it\/wp-json\/wp\/v2\/comments?post=2918"}],"version-history":[{"count":11,"href":"https:\/\/500.gr.ch\/it\/wp-json\/wp\/v2\/pages\/2918\/revisions"}],"predecessor-version":[{"id":3136,"href":"https:\/\/500.gr.ch\/it\/wp-json\/wp\/v2\/pages\/2918\/revisions\/3136"}],"wp:attachment":[{"href":"https:\/\/500.gr.ch\/it\/wp-json\/wp\/v2\/media?parent=2918"}],"curies":[{"name":"wp","href":"https:\/\/api.w.org\/{rel}","templated":true}]}}