{"id":3107,"date":"2024-05-02T11:09:24","date_gmt":"2024-05-02T09:09:24","guid":{"rendered":"https:\/\/500.gr.ch\/?page_id=3107"},"modified":"2024-05-07T11:49:52","modified_gmt":"2024-05-07T09:49:52","slug":"11-regioni-11-ritratti","status":"publish","type":"page","link":"https:\/\/500.gr.ch\/it\/11-regioni-11-ritratti\/","title":{"rendered":"11 regioni \u2013 11 ritratti"},"content":{"rendered":"<div class=\"wpb-content-wrapper\"><p>[vc_section el_class=&#8221;hero hero_page full_width&#8221; css=&#8221;.vc_custom_1689938943357{background-image: url(https:\/\/500.gr.ch\/wp-content\/uploads\/2023\/07\/Karte_Drei_Buende-3638462761-1.png?id=15) !important;background-position: center !important;background-repeat: no-repeat !important;background-size: cover !important;}&#8221;][vc_row][vc_column][vc_column_text el_class=&#8221;mb-0 white_text title_element&#8221;]<\/p>\n<h1 style=\"text-align: center;\">11 regioni \u2013 11 ritratti<\/h1>\n<p>[\/vc_column_text][\/vc_column][\/vc_row][vc_row el_class=&#8221;scroll_icon_wrapper_row&#8221;][vc_column][vc_column_text el_class=&#8221;mb-0 scroll_icon_wrapper&#8221;]<div class=\"scroll_icon_el\"><svg width=\"65\" height=\"65\" viewBox=\"0 0 65 65\" fill=\"none\" xmlns=\"http:\/\/www.w3.org\/2000\/svg\"> <path fill-rule=\"evenodd\" clip-rule=\"evenodd\" d=\"M54.3022 31.7322C55.2769 32.7086 55.2769 34.2915 54.3022 35.2678L34.3355 55.2677C33.3608 56.244 31.7805 56.244 30.8059 55.2677L10.8391 35.2678C9.86452 34.2914 9.86452 32.7085 10.8391 31.7322C11.8138 30.7559 13.3941 30.7559 14.3688 31.7322L32.5707 49.9645L50.7725 31.7322C51.7472 30.7559 53.3275 30.7559 54.3022 31.7322Z\" fill=\"white\"\/> <path fill-rule=\"evenodd\" clip-rule=\"evenodd\" d=\"M54.3022 8.73222C55.2769 9.70855 55.2769 11.2915 54.3022 12.2678L34.3355 32.2677C33.3608 33.244 31.7805 33.244 30.8059 32.2677L10.8391 12.2678C9.86452 11.2914 9.86452 9.70855 10.8391 8.73222C11.8138 7.75592 13.3941 7.75592 14.3688 8.73222L32.5707 26.9645L50.7725 8.73222C51.7472 7.75592 53.3275 7.75592 54.3022 8.73222Z\" fill=\"white\"\/> <\/svg><\/div>[\/vc_column_text][\/vc_column][\/vc_row][\/vc_section][vc_section][vc_row el_class=&#8221;atlas_content_wrapper&#8221;][vc_column][vc_row_inner content_placement=&#8221;middle&#8221; el_class=&#8221;atlas_content_item animate_el&#8221; css=&#8221;.vc_custom_1693491407921{background-color: rgba(40,40,40,0.05) !important;*background-color: rgb(40,40,40) !important;}&#8221;][vc_column_inner el_class=&#8221;atlas_item_image&#8221; width=&#8221;1\/2&#8243;][vc_single_image image=&#8221;3062&#8243; img_size=&#8221;full&#8221; el_class=&#8221;mb-0&#8243;][\/vc_column_inner][vc_column_inner el_class=&#8221;atlas_item_content&#8221; width=&#8221;1\/2&#8243;][vc_column_text el_class=&#8221;title_element&#8221;]<\/p>\n<h2>Ilaria Barandun<\/h2>\n<h4>Giovane atleta, regione Imboden<\/h4>\n<p>[\/vc_column_text][vc_column_text]<strong>Qual \u00e8 l&#8217;oggetto che hai portato con te?<\/strong><br \/>\n\u00abUna medaglia d&#8217;oro del tiro a segno, in rappresentanza del Calanda.\u00bb<\/p>\n<p><strong>Perch\u00e9 questo oggetto rappresenta per te la patria\/i Grigioni?<\/strong><br \/>\n\u00abHo portato con me una medaglia d&#8217;oro in rappresentanza del Calanda, poich\u00e9 anche sul Calanda di Felsberg \u00e8 gi\u00e0 stato trovato dell&#8217;oro. Il nostro poligono di tiro \u00e8 orientato verso il pendio di mira del Calanda. Da bambina di 4 anni mi trovai per la prima volta presso le croci di vetta del Calanda di Felsberg e del Calanda di Haldenstein. \u00c8 una sensazione incredibile raggiungere la vetta e trovarsi in cima. Ogni volta che ci allontaniamo e poi torniamo, so sempre che una volta che riesco a vedere il Calanda, sono a casa. Questo, per me, rappresenta il vero significato di patria.\u00bb[\/vc_column_text][vc_btn title=&#8221;Video Ritratto&#8221; link=&#8221;url:https%3A%2F%2Fyoutu.be%2FFRc3cGMTNXk|title:Video%20Ritratto%20Ilaria%20Barandun|target:_blank|&#8221;][\/vc_column_inner][\/vc_row_inner][vc_row_inner content_placement=&#8221;middle&#8221; el_class=&#8221;atlas_content_item animate_el&#8221; css=&#8221;.vc_custom_1693491407921{background-color: rgba(40,40,40,0.05) !important;*background-color: rgb(40,40,40) !important;}&#8221;][vc_column_inner el_class=&#8221;atlas_item_image&#8221; width=&#8221;1\/2&#8243;][vc_single_image image=&#8221;3067&#8243; img_size=&#8221;full&#8221; el_class=&#8221;mb-0&#8243;][\/vc_column_inner][vc_column_inner el_class=&#8221;atlas_item_content&#8221; width=&#8221;1\/2&#8243;][vc_column_text el_class=&#8221;title_element&#8221;]<\/p>\n<h2>Rebecca Clopath<\/h2>\n<h4>La cucina naturale, regione Viamala<\/h4>\n<p>[\/vc_column_text][vc_column_text]<strong>Qual \u00e8 l&#8217;oggetto che hai portato con te?<br \/>\n<\/strong>\u00abAcqua di Lohn.\u00bb<\/p>\n<p><strong>Perch\u00e9 questo oggetto rappresenta per te la patria\/i Grigioni?<\/strong><br \/>\n\u00abL&#8217;acqua non \u00e8 un oggetto tangibile, ma per me rappresenta profondamente la mia patria. Nei Grigioni, abbiamo molte sorgenti, ruscelli, fiumi e laghi che caratterizzano la nostra regione e il nostro cantone. L&#8217;acqua non solo \u00e8 una risorsa vitale, ma offre anche numerose opportunit\u00e0, sia nell&#8217;agricoltura, nella gastronomia, nell&#8217;artigianato e in molti altri settori. La presenza dell&#8217;acqua nella nostra regione contribuisce a creare una ricca diversit\u00e0 e un ambiente unico. Personalmente, ho una preferenza speciale per l&#8217;acqua di Lohn.\u00bb[\/vc_column_text][vc_btn title=&#8221;Video Ritratto&#8221; link=&#8221;url:https%3A%2F%2Fyoutu.be%2FY28xU06i-H0%20|title:Video%20Ritratto%20Rebecca%20Clopath|target:_blank|&#8221;][\/vc_column_inner][\/vc_row_inner][vc_row_inner content_placement=&#8221;middle&#8221; el_class=&#8221;atlas_content_item animate_el&#8221; css=&#8221;.vc_custom_1693491407921{background-color: rgba(40,40,40,0.05) !important;*background-color: rgb(40,40,40) !important;}&#8221;][vc_column_inner el_class=&#8221;atlas_item_image&#8221; width=&#8221;1\/2&#8243;][vc_single_image image=&#8221;3071&#8243; img_size=&#8221;full&#8221; el_class=&#8221;mb-0&#8243;][\/vc_column_inner][vc_column_inner el_class=&#8221;atlas_item_content&#8221; width=&#8221;1\/2&#8243;][vc_column_text el_class=&#8221;title_element&#8221;]<\/p>\n<h2>Mattiu Defuns<\/h2>\n<h4>Artista, regione Surselva<\/h4>\n<p>[\/vc_column_text][vc_column_text]<strong>Qual \u00e8 l\u2019oggetto che hai portato con te?<\/strong><br \/>\n\u00abDelle corna di camoscio in rappresentanza della mia canzone su di un maschio di camoscio.\u00bb<\/p>\n<p><strong>Perch\u00e9 questo oggetto rappresenta per te la patria\/i Grigioni?<br \/>\n<\/strong>\u00abHo portato con me una nuova canzone che vorrei abbinare a queste corna di camoscio. La caccia \u00e8 un elemento importante nella mia vita, ma per me non si tratta principalmente di abbattere un animale. Molto pi\u00f9 significativo \u00e8 il tempo che posso trascorrere con mio fratello e mio padre nella natura e l&#8217;opportunit\u00e0 di osservare i nostri animali selvatici nel loro habitat naturale. La canzone racconta di un meraviglioso incontro con un maschio di camoscio nella Val Frisal nella Surselva.\u00bb[\/vc_column_text][vc_btn title=&#8221;Video Ritratto&#8221; link=&#8221;url:https%3A%2F%2Fyoutu.be%2Fmh7PHjDQDG4|title:Video%20Ritratto%20Mattiu%20Defuns|target:_blank|&#8221;][\/vc_column_inner][\/vc_row_inner][vc_row_inner content_placement=&#8221;middle&#8221; el_class=&#8221;atlas_content_item animate_el&#8221; css=&#8221;.vc_custom_1693491407921{background-color: rgba(40,40,40,0.05) !important;*background-color: rgb(40,40,40) !important;}&#8221;][vc_column_inner el_class=&#8221;atlas_item_image&#8221; width=&#8221;1\/2&#8243;][vc_single_image image=&#8221;3075&#8243; img_size=&#8221;full&#8221; el_class=&#8221;mb-0&#8243;][\/vc_column_inner][vc_column_inner el_class=&#8221;atlas_item_content&#8221; width=&#8221;1\/2&#8243;][vc_column_text el_class=&#8221;title_element&#8221;]<\/p>\n<h2>Suor Domenica<\/h2>\n<h4>Religiosa, Engadina Bassa\/Val Monastero<\/h4>\n<p>[\/vc_column_text][vc_column_text]<strong>Qual \u00e8 l\u2019oggetto che ha portato con s\u00e9?<\/strong><br \/>\n\u00abUna riproduzione della torre Planta fatta a mano insieme alla mia &#8216;Ode alla torre Planta&#8217;.\u00bb<\/p>\n<p><strong>Perch\u00e9 questo oggetto rappresenta per Lei la patria\/i Grigioni?<br \/>\n<\/strong>\u00abFin dall&#8217;infanzia ho avuto un legame speciale con la torre Planta, poich\u00e9 potevo vederla dalla mia casa. Fu costruita originariamente nel 960 come torre residenziale e di difesa per i monaci benedettini. Fin da bambina, immaginavo le suore nella torre, con i suoi strani lettini, che trovavano rifugio e protezione durante i periodi di crisi. Oggi sappiamo che le suore a quei tempi dormivano sedute. La torre Planta mi trasmette ancora oggi una sensazione di protezione e di appartenenza alla mia patria.\u00bb[\/vc_column_text][vc_btn title=&#8221;Video Ritratto&#8221; link=&#8221;url:https%3A%2F%2Fyoutu.be%2FOaJMnMD6uuc|title:Video%20Ritratto%20Sour%20Domenica|target:_blank|&#8221;][vc_btn title=&#8221;Ode alla torre Planta (in tedesco)&#8221; link=&#8221;url:https%3A%2F%2F500.gr.ch%2Fwp-content%2Fuploads%2F2024%2F05%2FO-Plantaturm-Sour-Domenica_500-Jahre-Freistaat-der-Drei-Buende.pdf|title:Ode%20alla%20torre%20Planta%20%28in%20tedesco%29|target:_blank|&#8221;][\/vc_column_inner][\/vc_row_inner][vc_row_inner content_placement=&#8221;middle&#8221; el_class=&#8221;atlas_content_item animate_el&#8221; css=&#8221;.vc_custom_1693491407921{background-color: rgba(40,40,40,0.05) !important;*background-color: rgb(40,40,40) !important;}&#8221;][vc_column_inner el_class=&#8221;atlas_item_image&#8221; width=&#8221;1\/2&#8243;][vc_single_image image=&#8221;3079&#8243; img_size=&#8221;full&#8221; el_class=&#8221;mb-0&#8243;][\/vc_column_inner][vc_column_inner el_class=&#8221;atlas_item_content&#8221; width=&#8221;1\/2&#8243;][vc_column_text el_class=&#8221;title_element&#8221;]<\/p>\n<h2>Riccarda Fl\u00fctsch<\/h2>\n<h4>Macchinista, regione Albula<\/h4>\n<p>[\/vc_column_text][vc_column_text]<strong>Qual \u00e8 l\u2019oggetto che hai portato con te?<br \/>\n<\/strong>\u00abUna piccola ciotola di legno dipinta.\u00bb<\/p>\n<p><strong>Perch\u00e9 questo oggetto rappresenta per te la patria\/i Grigioni?<\/strong><br \/>\n\u00abQuesta piccola ciotola mi accompagna da sempre. La pittura contadina su di essa \u00e8 stata realizzata da mia nonna. Fin da bambina, ho sempre avvertito che questa ciotolina aveva qualcosa di \u00abmagico\u00bb. Ha sempre abbellito la mia casa e per me la patria \u00e8 dove mi sento veramente a casa. La ciotolina non \u00e8 solo un oggetto di artigianato, ma incarna anche i valori fondamentali della mia famiglia: la capacit\u00e0 di creare qualcosa con le proprie mani, l\u2019apprezzamento delle piccole cose e il renderci felici a vicenda. Questi attributi la rendono ancor pi\u00f9 significativa per me come simbolo di patria.\u00bb[\/vc_column_text][vc_btn title=&#8221;Video Ritratto&#8221; link=&#8221;url:https%3A%2F%2Fyoutu.be%2FGVdQSdZed6Y|title:Video%20Ritratto%20Riccarda%20Fl%C3%BCtsch|target:_blank|&#8221;][\/vc_column_inner][\/vc_row_inner][vc_row_inner content_placement=&#8221;middle&#8221; el_class=&#8221;atlas_content_item animate_el&#8221; css=&#8221;.vc_custom_1693491407921{background-color: rgba(40,40,40,0.05) !important;*background-color: rgb(40,40,40) !important;}&#8221;][vc_column_inner el_class=&#8221;atlas_item_image&#8221; width=&#8221;1\/2&#8243;][vc_single_image image=&#8221;3083&#8243; img_size=&#8221;full&#8221; el_class=&#8221;mb-0&#8243;][\/vc_column_inner][vc_column_inner el_class=&#8221;atlas_item_content&#8221; width=&#8221;1\/2&#8243;][vc_column_text el_class=&#8221;title_element&#8221;]<\/p>\n<h2>Gian-Reto Meier<\/h2>\n<h4>Cacciatore, regione Landquart<\/h4>\n<p>[\/vc_column_text][vc_column_text]<strong>Qual \u00e8 l\u2019oggetto che hai portato con te?<br \/>\n<\/strong>\u00abUna statua di bronzo raffigurante \u2018le tre scimmie sagge\u2019.\u00bb<\/p>\n<p><strong>Perch\u00e9 questo oggetto rappresenta per te la patria\/i Grigioni?<\/strong><br \/>\n\u00abLa piccola figura di bronzo con le tre scimmie sagge si trovava sulla scrivania di mio padre, nel suo studio medico, sin dai primi anni della mia vita. Ammiravo spesso quella statuetta mentre giocavo con la mia macchinina telecomandata nei locali vuoti dello studio, durante le serate tranquille. La gioia che ho provato quando mio padre me l&#8217;ha regalata in occasione della mia laurea \u00e8 stata indescrivibile! Da allora la statuetta adorna la mia scrivania, e non solo mi ricorda ogni giorno i momenti felici della mia giovinezza, ma mi insegna anche a a mantenere uno sguardo positivo sulla vita.\u00bb[\/vc_column_text][vc_btn title=&#8221;Video Ritratto&#8221; link=&#8221;url:https%3A%2F%2Fyoutu.be%2FniTf4Lej-UE|title:Video%20Ritratto%20Gian-Reto%20Meier|target:_blank|&#8221;][\/vc_column_inner][\/vc_row_inner][vc_row_inner content_placement=&#8221;middle&#8221; el_class=&#8221;atlas_content_item animate_el&#8221; css=&#8221;.vc_custom_1693491407921{background-color: rgba(40,40,40,0.05) !important;*background-color: rgb(40,40,40) !important;}&#8221;][vc_column_inner el_class=&#8221;atlas_item_image&#8221; width=&#8221;1\/2&#8243;][vc_single_image image=&#8221;3086&#8243; img_size=&#8221;full&#8221; el_class=&#8221;mb-0&#8243;][\/vc_column_inner][vc_column_inner el_class=&#8221;atlas_item_content&#8221; width=&#8221;1\/2&#8243;][vc_column_text el_class=&#8221;title_element&#8221;]<\/p>\n<h2>Nina Pieracci<\/h2>\n<h4>Allieva, regione Moesa<\/h4>\n<p>[\/vc_column_text][vc_column_text]<strong>Qual \u00e8 l&#8217;oggetto che hai portato con te?<br \/>\n<\/strong>\u00abUn pezzo di granito (pietra) della Moesa.\u00bb<\/p>\n<p><strong>Perch\u00e9 questo oggetto rappresenta per te la patria\/i Grigioni?<br \/>\n<\/strong>\u00abPer me, questo granito rappresenta il Cantone dei Grigioni, poich\u00e9 assomiglia a una montagna e noi abbiamo molte montagne nei Grigioni. La mia prima esperienza di scalata \u00e8 stata sul Monte San Jorio, quando avevo solo sei anni. \u00c8 stata un&#8217;esperienza meravigliosa che ricordo vividamente. I miei genitori mi hanno spiegato che il Monte San Jorio collega la Svizzera all&#8217;Italia e che le mie radici si estendono in entrambi i paesi. \u00c8 fondamentale che in futuro trattiamo la nostra natura, le montagne e i ghiacciai con maggiore attenzione.\u00bb[\/vc_column_text][vc_btn title=&#8221;Video Ritratto&#8221; link=&#8221;url:https%3A%2F%2Fyoutu.be%2FKqg8VsPlaI0|title:Video%20Ritratto%20Nina%20Pieracci|target:_blank|&#8221;][\/vc_column_inner][\/vc_row_inner][vc_row_inner content_placement=&#8221;middle&#8221; el_class=&#8221;atlas_content_item animate_el&#8221; css=&#8221;.vc_custom_1693491407921{background-color: rgba(40,40,40,0.05) !important;*background-color: rgb(40,40,40) !important;}&#8221;][vc_column_inner el_class=&#8221;atlas_item_image&#8221; width=&#8221;1\/2&#8243;][vc_single_image image=&#8221;3089&#8243; img_size=&#8221;full&#8221; el_class=&#8221;mb-0&#8243;][\/vc_column_inner][vc_column_inner el_class=&#8221;atlas_item_content&#8221; width=&#8221;1\/2&#8243;][vc_column_text el_class=&#8221;title_element&#8221;]<\/p>\n<h2>Gaudenz Schmid<\/h2>\n<h4>Pensionato, regione Plessur<\/h4>\n<p>[\/vc_column_text][vc_column_text]<strong>Qual \u00e8 l\u2019oggetto che hai portato con te?<br \/>\n<\/strong>\u00abPonsi \u2013 una brenta a spalla per bambini.\u00bb<\/p>\n<p><strong>Perch\u00e9 questo oggetto rappresenta per te la patria\/i Grigioni?<br \/>\n<\/strong>\u00abHo portato con me una brenta a spalla. La chiamavamo \u00abPonsi\u00bb. Da bambino, sul nostro monte \u00abRuncalier\u00bb, con la brenta sulle spalle e due secchi in mano, ero incaricato di andare a prendere l&#8217;acqua alla sorgente \u00abSpinamels\u00bb, distante circa un chilometro. La sorgente era situata quasi alla gola della \u00abB\u00e4renschluocht\u00bb. Questo ricordo d&#8217;infanzia \u00e8 cos\u00ec vivido per me. Allo stesso tempo, riflettendo, mi rendo conto che senza acqua non ci sarebbe vita e, di conseguenza, non ci sarebbero nemmeno i Grigioni.\u00bb[\/vc_column_text][vc_btn title=&#8221;Video Ritratto&#8221; link=&#8221;url:https%3A%2F%2Fyoutu.be%2FWqN42X8iDX4|title:Video%20Ritratto%20Gaudenz%20Schmid|target:_blank|&#8221;][\/vc_column_inner][\/vc_row_inner][vc_row_inner content_placement=&#8221;middle&#8221; el_class=&#8221;atlas_content_item animate_el&#8221; css=&#8221;.vc_custom_1693491407921{background-color: rgba(40,40,40,0.05) !important;*background-color: rgb(40,40,40) !important;}&#8221;][vc_column_inner el_class=&#8221;atlas_item_image&#8221; width=&#8221;1\/2&#8243;][vc_single_image image=&#8221;3092&#8243; img_size=&#8221;full&#8221; el_class=&#8221;mb-0&#8243;][\/vc_column_inner][vc_column_inner el_class=&#8221;atlas_item_content&#8221; width=&#8221;1\/2&#8243;][vc_column_text el_class=&#8221;title_element&#8221;]<\/p>\n<h2>Fran\u00e7oise Stahel<\/h2>\n<h4>\u00abMadame Maratona engadinese\u00bb, regione Prettigovia\/Davos<\/h4>\n<p>[\/vc_column_text][vc_column_text]<strong>Qual \u00e8 l&#8217;oggetto che hai portato con te?<br \/>\n<\/strong>\u00abUn paio dei miei vecchi scarponi da montagna.\u00bb<\/p>\n<p><strong>Perch\u00e9 questo oggetto rappresenta per te la patria\/i Grigioni?<\/strong><br \/>\n\u00abQuando sono arrivata a Klosters nel novembre 1959, c&#8217;era mezzo metro di neve. Non avevo mai visto la neve prima e non possedevo scarpe invernali, solo le mie scarpe con i tacchi alti. Mi sentivo spaesata nel cercare di raggiungere l&#8217;Hotel \u00abChesa Grischuna\u00bb dal viale della stazione. Cos\u00ec, il giorno seguente, ho dovuto procurarmi immediatamente delle scarpe adeguate. Tuttavia, in quel periodo a Klosters, le uniche scarpe disponibili erano le \u00abscarpe da montagna tozze\u00bb, simili a queste qui. E cos\u00ec le montagne, con le loro scarpe tozze, sono diventate la mia patria.\u00bb[\/vc_column_text][vc_btn title=&#8221;Video Ritratto&#8221; link=&#8221;url:https%3A%2F%2Fyoutu.be%2FsGzMIOYId3I|title:Video%20Ritratto%20Fran%C3%A7oise%20Stahel|target:_blank|&#8221;][\/vc_column_inner][\/vc_row_inner][vc_row_inner content_placement=&#8221;middle&#8221; el_class=&#8221;atlas_content_item animate_el&#8221; css=&#8221;.vc_custom_1693491407921{background-color: rgba(40,40,40,0.05) !important;*background-color: rgb(40,40,40) !important;}&#8221;][vc_column_inner el_class=&#8221;atlas_item_image&#8221; width=&#8221;1\/2&#8243;][vc_single_image image=&#8221;3096&#8243; img_size=&#8221;full&#8221; el_class=&#8221;mb-0&#8243;][\/vc_column_inner][vc_column_inner el_class=&#8221;atlas_item_content&#8221; width=&#8221;1\/2&#8243;][vc_column_text el_class=&#8221;title_element&#8221;]<\/p>\n<h2>Giovanni Triacca<\/h2>\n<h4>Commerciante di vino, regione Bernina<\/h4>\n<p>[\/vc_column_text][vc_column_text]<strong>Qual \u00e8 l\u2019oggetto che hai portato con te?<\/strong><br \/>\n\u00abHo portato una padella per le castagne.\u00bb<\/p>\n<p><strong>Perch\u00e9 questo oggetto rappresenta per te la patria\/i Grigioni?<br \/>\n<\/strong>\u00abNella bassa Valposchiavo ci sono molte selve di castagni. La nostra famiglia possiede una ventina di questi alberi e da bambino era sempre un grande evento quando arrivava il momento di raccogliere le castagne in autunno, che poi nostra nonna arrostiva sul fuoco aperto a casa. Spettava a noi bambini sbucciare le castagne, ma presto si univano a noi anche i nostri genitori. Cos\u00ec, ancora oggi, tutta la famiglia si riunisce intorno al fuoco, mangia le caldarroste insieme e chiacchiera \u2013 questo \u00e8 per me il significato di patria.\u00bb[\/vc_column_text][vc_btn title=&#8221;Video Ritratto&#8221; link=&#8221;url:https%3A%2F%2Fyoutu.be%2Fg615s1YW9rw|title:Video%20Ritratto%20Giovanni%20Triacca|target:_blank|&#8221;][\/vc_column_inner][\/vc_row_inner][vc_row_inner content_placement=&#8221;middle&#8221; el_class=&#8221;atlas_content_item animate_el&#8221; css=&#8221;.vc_custom_1693491407921{background-color: rgba(40,40,40,0.05) !important;*background-color: rgb(40,40,40) !important;}&#8221;][vc_column_inner el_class=&#8221;atlas_item_image&#8221; width=&#8221;1\/2&#8243;][vc_single_image image=&#8221;3099&#8243; img_size=&#8221;full&#8221; el_class=&#8221;mb-0&#8243;][\/vc_column_inner][vc_column_inner el_class=&#8221;atlas_item_content&#8221; width=&#8221;1\/2&#8243;][vc_column_text el_class=&#8221;title_element&#8221;]<\/p>\n<h2>Antonio Walther<\/h2>\n<h4>Gastronomo, regione Maloja<\/h4>\n<p>[\/vc_column_text][vc_column_text]<strong>Qual \u00e8 l&#8217;oggetto che hai portato con te?<br \/>\n<\/strong>\u00abLa mia prima canna da pesca.\u00bb<\/p>\n<p><strong>Perch\u00e9 questo oggetto rappresenta per te la patria\/i Grigioni?<br \/>\n<\/strong>\u00abIl lago di Sils \u00e8 stato il mio asilo nido. Da bambino accompagnavo sempre mio zio Rudi Walther a pescare. Vista la mia predisposizione, Rudi mi regal\u00f2 la mia prima canna da pesca. Con la mia piccola barca a remi, donatami da mio padre, ero gi\u00e0 sul lago fin dall&#8217;et\u00e0 di sette anni. Ogni tanto, mi beccava il guardapesca che rimproverava i miei genitori. \u2018Antonio non dovrebbe pescare, almeno quando passo io di qui\u2019, diceva.\u00bb[\/vc_column_text][vc_btn title=&#8221;Video Ritratto&#8221; link=&#8221;url:https%3A%2F%2Fyoutu.be%2FvwBM1nzpVkA|title:Video%20Ritratto%20Antonio%20Walther|target:_blank|&#8221;][\/vc_column_inner][\/vc_row_inner][\/vc_column][\/vc_row][\/vc_section][vc_section css=&#8221;.vc_custom_1692366399358{background-color: rgba(40,40,40,0.05) !important;*background-color: rgb(40,40,40) !important;}&#8221;][\/vc_section][vc_section disable_element=&#8221;yes&#8221; css=&#8221;.vc_custom_1706881808291{background-color: #282828 !important;}&#8221;][\/vc_section]<\/p>\n<\/div>","protected":false},"excerpt":{"rendered":"<p>[vc_section el_class=&#8221;hero hero_page full_width&#8221; css=&#8221;.vc_custom_1689938943357{background-image: url(https:\/\/500.gr.ch\/wp-content\/uploads\/2023\/07\/Karte_Drei_Buende-3638462761-1.png?id=15) !important;background-position: center !important;background-repeat: no-repeat !important;background-size: cover !important;}&#8221;][vc_row][vc_column][vc_column_text el_class=&#8221;mb-0 white_text title_element&#8221;] 11 regioni \u2013 11 ritratti [\/vc_column_text][\/vc_column][\/vc_row][vc_row el_class=&#8221;scroll_icon_wrapper_row&#8221;][vc_column][vc_column_text el_class=&#8221;mb-0 scroll_icon_wrapper&#8221;][\/vc_column_text][\/vc_column][\/vc_row][\/vc_section][vc_section][vc_row el_class=&#8221;atlas_content_wrapper&#8221;][vc_column][vc_row_inner content_placement=&#8221;middle&#8221; el_class=&#8221;atlas_content_item animate_el&#8221; css=&#8221;.vc_custom_1693491407921{background-color: rgba(40,40,40,0.05) !important;*background-color: rgb(40,40,40) !important;}&#8221;][vc_column_inner el_class=&#8221;atlas_item_image&#8221; width=&#8221;1\/2&#8243;][vc_single_image image=&#8221;3062&#8243; img_size=&#8221;full&#8221; el_class=&#8221;mb-0&#8243;][\/vc_column_inner][vc_column_inner el_class=&#8221;atlas_item_content&#8221; width=&#8221;1\/2&#8243;][vc_column_text el_class=&#8221;title_element&#8221;] Ilaria Barandun Giovane atleta, regione Imboden [\/vc_column_text][vc_column_text]Qual \u00e8 l&#8217;oggetto che hai portato con&hellip; <a class=\"more-link\" href=\"https:\/\/500.gr.ch\/it\/11-regioni-11-ritratti\/\">Continua a leggere <span class=\"screen-reader-text\">11 regioni \u2013 11 ritratti<\/span><\/a><\/p>\n","protected":false},"author":7,"featured_media":0,"parent":0,"menu_order":0,"comment_status":"closed","ping_status":"closed","template":"","meta":{"_acf_changed":false,"inline_featured_image":false,"footnotes":""},"class_list":["post-3107","page","type-page","status-publish","hentry","entry"],"acf":[],"_links":{"self":[{"href":"https:\/\/500.gr.ch\/it\/wp-json\/wp\/v2\/pages\/3107","targetHints":{"allow":["GET"]}}],"collection":[{"href":"https:\/\/500.gr.ch\/it\/wp-json\/wp\/v2\/pages"}],"about":[{"href":"https:\/\/500.gr.ch\/it\/wp-json\/wp\/v2\/types\/page"}],"author":[{"embeddable":true,"href":"https:\/\/500.gr.ch\/it\/wp-json\/wp\/v2\/users\/7"}],"replies":[{"embeddable":true,"href":"https:\/\/500.gr.ch\/it\/wp-json\/wp\/v2\/comments?post=3107"}],"version-history":[{"count":9,"href":"https:\/\/500.gr.ch\/it\/wp-json\/wp\/v2\/pages\/3107\/revisions"}],"predecessor-version":[{"id":3291,"href":"https:\/\/500.gr.ch\/it\/wp-json\/wp\/v2\/pages\/3107\/revisions\/3291"}],"wp:attachment":[{"href":"https:\/\/500.gr.ch\/it\/wp-json\/wp\/v2\/media?parent=3107"}],"curies":[{"name":"wp","href":"https:\/\/api.w.org\/{rel}","templated":true}]}}