{"id":3512,"date":"2024-05-16T11:47:16","date_gmt":"2024-05-16T09:47:16","guid":{"rendered":"https:\/\/500.gr.ch\/andata-per-il-ritorno\/"},"modified":"2024-05-16T12:12:14","modified_gmt":"2024-05-16T10:12:14","slug":"ritorno","status":"publish","type":"page","link":"https:\/\/500.gr.ch\/it\/ritorno\/","title":{"rendered":"Andata per il ritorno"},"content":{"rendered":"<div class=\"wpb-content-wrapper\"><p>[vc_section el_class=&#8221;hero hero_page full_width&#8221; css=&#8221;.vc_custom_1689938943357{background-image: url(https:\/\/500.gr.ch\/wp-content\/uploads\/2023\/07\/Karte_Drei_Buende-3638462761-1.png?id=15) !important;background-position: center !important;background-repeat: no-repeat !important;background-size: cover !important;}&#8221;][vc_row][vc_column][vc_column_text el_class=&#8221;mb-0 white_text title_element&#8221;]<\/p>\n<h1 style=\"text-align: center;\">Andata per il ritorno<\/h1>\n<p>[\/vc_column_text][\/vc_column][\/vc_row][vc_row el_class=&#8221;scroll_icon_wrapper_row&#8221;][vc_column][vc_column_text el_class=&#8221;mb-0 scroll_icon_wrapper&#8221;]<div class=\"scroll_icon_el\"><svg width=\"65\" height=\"65\" viewBox=\"0 0 65 65\" fill=\"none\" xmlns=\"http:\/\/www.w3.org\/2000\/svg\"> <path fill-rule=\"evenodd\" clip-rule=\"evenodd\" d=\"M54.3022 31.7322C55.2769 32.7086 55.2769 34.2915 54.3022 35.2678L34.3355 55.2677C33.3608 56.244 31.7805 56.244 30.8059 55.2677L10.8391 35.2678C9.86452 34.2914 9.86452 32.7085 10.8391 31.7322C11.8138 30.7559 13.3941 30.7559 14.3688 31.7322L32.5707 49.9645L50.7725 31.7322C51.7472 30.7559 53.3275 30.7559 54.3022 31.7322Z\" fill=\"white\"\/> <path fill-rule=\"evenodd\" clip-rule=\"evenodd\" d=\"M54.3022 8.73222C55.2769 9.70855 55.2769 11.2915 54.3022 12.2678L34.3355 32.2677C33.3608 33.244 31.7805 33.244 30.8059 32.2677L10.8391 12.2678C9.86452 11.2914 9.86452 9.70855 10.8391 8.73222C11.8138 7.75592 13.3941 7.75592 14.3688 8.73222L32.5707 26.9645L50.7725 8.73222C51.7472 7.75592 53.3275 7.75592 54.3022 8.73222Z\" fill=\"white\"\/> <\/svg><\/div>[\/vc_column_text][\/vc_column][\/vc_row][\/vc_section][vc_section el_id=&#8221;intro&#8221;][vc_row el_class=&#8221;intro_text intro_text_partner&#8221;][vc_column][vc_column_text el_class=&#8221;title_h3 mb-0&#8243;]I visitatori delle <strong>Diete delle Tre Leghe<\/strong> acquistano un biglietto unico per il viaggio di andata, lo fanno timbrare dall&#8217;organizzatore e il biglietto \u00e8 valido anche per il viaggio di ritorno. L&#8217;offerta \u00e8 valida a partire da tutte le fermate nei Grigioni. Nessun rimborso per i biglietti di ritorno gi\u00e0 acquistati.[\/vc_column_text][vc_column_text][\/vc_column_text][\/vc_column][\/vc_row][\/vc_section][vc_section][vc_row el_class=&#8221;atlas_content_wrapper&#8221;][vc_column][vc_row_inner content_placement=&#8221;middle&#8221; el_class=&#8221;atlas_content_item animate_el&#8221; css=&#8221;.vc_custom_1693491407921{background-color: rgba(40,40,40,0.05) !important;*background-color: rgb(40,40,40) !important;}&#8221;][vc_column_inner el_class=&#8221;atlas_item_image&#8221; width=&#8221;1\/2&#8243;][vc_single_image image=&#8221;560&#8243; img_size=&#8221;full&#8221; el_class=&#8221;mb-0&#8243;][\/vc_column_inner][vc_column_inner el_class=&#8221;atlas_item_content&#8221; width=&#8221;1\/2&#8243;][vc_column_text el_class=&#8221;title_element&#8221;]<\/p>\n<h4><strong>Valido per la visita delle Diete:<\/strong><\/h4>\n<p>1\u00b0 giugno 2024, Ilanz<\/p>\n<p>20 luglio 2024, Davos<\/p>\n<p>1\u00b0 agosto 2024, Roveredo\/San Vittore<\/p>\n<p>1\u00b0 settembre 2024, Samedan<\/p>\n<p>7 settembre 2024, Coira<\/p>\n<p>14 settembre 2024, Poschiavo<\/p>\n<p>6 ottobre 2024, Val M\u00fcstair[\/vc_column_text][vc_column_text]<\/p>\n<ul>\n<li style=\"text-align: left;\">Nessun rimborso per i biglietti di ritorno gi\u00e0 acquistati<\/li>\n<li style=\"text-align: left;\">Anche i biglietti di gruppo possono essere timbrati<\/li>\n<li style=\"text-align: left;\">Non \u00e8 cumulabile con altre offerte<\/li>\n<li style=\"text-align: left;\">Per i biglietti digitali, richiedere la conferma all&#8217;organizzatore e presentarla al ritorno<\/li>\n<\/ul>\n<p>[\/vc_column_text][\/vc_column_inner][\/vc_row_inner][\/vc_column][\/vc_row][\/vc_section][vc_section css=&#8221;.vc_custom_1692366399358{background-color: rgba(40,40,40,0.05) !important;*background-color: rgb(40,40,40) !important;}&#8221;][\/vc_section][vc_section disable_element=&#8221;yes&#8221; css=&#8221;.vc_custom_1706881808291{background-color: #282828 !important;}&#8221;][\/vc_section]<\/p>\n<\/div>","protected":false},"excerpt":{"rendered":"<p>[vc_section el_class=&#8221;hero hero_page full_width&#8221; css=&#8221;.vc_custom_1689938943357{background-image: url(https:\/\/500.gr.ch\/wp-content\/uploads\/2023\/07\/Karte_Drei_Buende-3638462761-1.png?id=15) !important;background-position: center !important;background-repeat: no-repeat !important;background-size: cover !important;}&#8221;][vc_row][vc_column][vc_column_text el_class=&#8221;mb-0 white_text title_element&#8221;] Andata per il ritorno [\/vc_column_text][\/vc_column][\/vc_row][vc_row el_class=&#8221;scroll_icon_wrapper_row&#8221;][vc_column][vc_column_text el_class=&#8221;mb-0 scroll_icon_wrapper&#8221;][\/vc_column_text][\/vc_column][\/vc_row][\/vc_section][vc_section el_id=&#8221;intro&#8221;][vc_row el_class=&#8221;intro_text intro_text_partner&#8221;][vc_column][vc_column_text el_class=&#8221;title_h3 mb-0&#8243;]I visitatori delle Diete delle Tre Leghe acquistano un biglietto unico per il viaggio di andata, lo fanno timbrare dall&#8217;organizzatore e il biglietto \u00e8 valido anche per&hellip; <a class=\"more-link\" href=\"https:\/\/500.gr.ch\/it\/ritorno\/\">Continua a leggere <span class=\"screen-reader-text\">Andata per il ritorno<\/span><\/a><\/p>\n","protected":false},"author":7,"featured_media":0,"parent":0,"menu_order":0,"comment_status":"closed","ping_status":"closed","template":"","meta":{"_acf_changed":false,"inline_featured_image":false,"footnotes":""},"class_list":["post-3512","page","type-page","status-publish","hentry","entry"],"acf":[],"_links":{"self":[{"href":"https:\/\/500.gr.ch\/it\/wp-json\/wp\/v2\/pages\/3512","targetHints":{"allow":["GET"]}}],"collection":[{"href":"https:\/\/500.gr.ch\/it\/wp-json\/wp\/v2\/pages"}],"about":[{"href":"https:\/\/500.gr.ch\/it\/wp-json\/wp\/v2\/types\/page"}],"author":[{"embeddable":true,"href":"https:\/\/500.gr.ch\/it\/wp-json\/wp\/v2\/users\/7"}],"replies":[{"embeddable":true,"href":"https:\/\/500.gr.ch\/it\/wp-json\/wp\/v2\/comments?post=3512"}],"version-history":[{"count":9,"href":"https:\/\/500.gr.ch\/it\/wp-json\/wp\/v2\/pages\/3512\/revisions"}],"predecessor-version":[{"id":3529,"href":"https:\/\/500.gr.ch\/it\/wp-json\/wp\/v2\/pages\/3512\/revisions\/3529"}],"wp:attachment":[{"href":"https:\/\/500.gr.ch\/it\/wp-json\/wp\/v2\/media?parent=3512"}],"curies":[{"name":"wp","href":"https:\/\/api.w.org\/{rel}","templated":true}]}}