{"id":3603,"date":"2024-05-21T15:23:54","date_gmt":"2024-05-21T13:23:54","guid":{"rendered":"https:\/\/500.gr.ch\/pubblicazioni\/"},"modified":"2025-04-14T09:11:45","modified_gmt":"2025-04-14T07:11:45","slug":"pubblicazioni","status":"publish","type":"page","link":"https:\/\/500.gr.ch\/it\/pubblicazioni\/","title":{"rendered":"Pubblicazioni"},"content":{"rendered":"<div class=\"wpb-content-wrapper\"><p>[vc_section el_class=&#8221;hero hero_page full_width&#8221; css=&#8221;.vc_custom_1689938943357{background-image: url(https:\/\/500.gr.ch\/wp-content\/uploads\/2023\/07\/Karte_Drei_Buende-3638462761-1.png?id=15) !important;background-position: center !important;background-repeat: no-repeat !important;background-size: cover !important;}&#8221;][vc_row][vc_column][vc_column_text el_class=&#8221;mb-0 white_text title_element&#8221;]<\/p>\n<h1 style=\"text-align: center;\">Pubblicazioni<\/h1>\n<p>[\/vc_column_text][\/vc_column][\/vc_row][vc_row el_class=&#8221;scroll_icon_wrapper_row&#8221;][vc_column][vc_column_text el_class=&#8221;mb-0 scroll_icon_wrapper&#8221;]<\/p>\n<div class=\"scroll_icon_el\"><svg width=\"65\" height=\"65\" viewBox=\"0 0 65 65\" fill=\"none\" xmlns=\"http:\/\/www.w3.org\/2000\/svg\"> <path fill-rule=\"evenodd\" clip-rule=\"evenodd\" d=\"M54.3022 31.7322C55.2769 32.7086 55.2769 34.2915 54.3022 35.2678L34.3355 55.2677C33.3608 56.244 31.7805 56.244 30.8059 55.2677L10.8391 35.2678C9.86452 34.2914 9.86452 32.7085 10.8391 31.7322C11.8138 30.7559 13.3941 30.7559 14.3688 31.7322L32.5707 49.9645L50.7725 31.7322C51.7472 30.7559 53.3275 30.7559 54.3022 31.7322Z\" fill=\"white\"\/> <path fill-rule=\"evenodd\" clip-rule=\"evenodd\" d=\"M54.3022 8.73222C55.2769 9.70855 55.2769 11.2915 54.3022 12.2678L34.3355 32.2677C33.3608 33.244 31.7805 33.244 30.8059 32.2677L10.8391 12.2678C9.86452 11.2914 9.86452 9.70855 10.8391 8.73222C11.8138 7.75592 13.3941 7.75592 14.3688 8.73222L32.5707 26.9645L50.7725 8.73222C51.7472 7.75592 53.3275 7.75592 54.3022 8.73222Z\" fill=\"white\"\/> <\/svg><\/div>\n<p>[\/vc_column_text][\/vc_column][\/vc_row][\/vc_section][vc_section][vc_row el_class=&#8221;atlas_content_wrapper&#8221;][vc_column][vc_row_inner content_placement=&#8221;middle&#8221; el_class=&#8221;atlas_content_item animate_el&#8221; css=&#8221;.vc_custom_1693491407921{background-color: rgba(40,40,40,0.05) !important;*background-color: rgb(40,40,40) !important;}&#8221;][vc_column_inner el_class=&#8221;atlas_item_image&#8221; width=&#8221;1\/2&#8243;][vc_single_image image=&#8221;5482&#8243; img_size=&#8221;full&#8221; el_class=&#8221;mb-0&#8243;][\/vc_column_inner][vc_column_inner el_class=&#8221;atlas_item_content&#8221; width=&#8221;1\/2&#8243;][vc_column_text el_class=&#8221;title_element&#8221;]<\/p>\n<h2>Libro\u00a0\u00abtesori grigionesi\u00bb<\/h2>\n<h4>In occasione del giubileo \u00ab500 anni di Libero Stato delle Tre Leghe\u00bb, circa 160 persone hanno condiviso una storia legata a ci\u00f2 che associano all&#8217;\u00abessere a casa\u00bb, a ci\u00f2 che d\u00e0 loro sicurezza e a cosa significa per loro patria.<\/h4>\n<p>[\/vc_column_text][vc_btn title=&#8221;Online-Shop&#8221; link=&#8221;url:http%3A%2F%2Fwww.graubuendenviva.ch%2F500Jahre|title:https%3A%2F%2Fwww.somedia-buchverlag.ch%2Fgesamtverzeichnis%2Fdebuendner-schaetze%2F|target:_blank|&#8221;][\/vc_column_inner][\/vc_row_inner][vc_row_inner content_placement=&#8221;middle&#8221; el_class=&#8221;atlas_content_item animate_el&#8221; css=&#8221;.vc_custom_1693491407921{background-color: rgba(40,40,40,0.05) !important;*background-color: rgb(40,40,40) !important;}&#8221;][vc_column_inner el_class=&#8221;atlas_item_image&#8221; width=&#8221;1\/2&#8243;][vc_single_image image=&#8221;4784&#8243; img_size=&#8221;full&#8221; el_class=&#8221;mb-0&#8243;][\/vc_column_inner][vc_column_inner el_class=&#8221;atlas_item_content&#8221; width=&#8221;1\/2&#8243;][vc_column_text el_class=&#8221;title_element&#8221;]<\/p>\n<h2>Ricettario 1524 &#8211; 2024<\/h2>\n<h4>Contributo al giubileo \u00ab500 anni di Libero Stato delle Tre Leghe\u00bb.\u00a0 graub\u00fcndenVIVA<\/h4>\n<p>[\/vc_column_text][vc_btn title=&#8221;Al ricettario&#8221; link=&#8221;url:http%3A%2F%2Fwww.graubuendenviva.ch%2F500Jahre|title:graubuendenVIVA|target:_blank|&#8221;][\/vc_column_inner][\/vc_row_inner][vc_row_inner content_placement=&#8221;middle&#8221; el_class=&#8221;atlas_content_item animate_el&#8221; css=&#8221;.vc_custom_1693491407921{background-color: rgba(40,40,40,0.05) !important;*background-color: rgb(40,40,40) !important;}&#8221;][vc_column_inner el_class=&#8221;atlas_item_image&#8221; width=&#8221;1\/2&#8243;][vc_single_image image=&#8221;3910&#8243; img_size=&#8221;full&#8221; el_class=&#8221;mb-0&#8243;][\/vc_column_inner][vc_column_inner el_class=&#8221;atlas_item_content&#8221; width=&#8221;1\/2&#8243;][vc_column_text el_class=&#8221;title_element&#8221;]<\/p>\n<h2>Der Bundsbrief vom 23. September 1524.<\/h2>\n<h4>Beitrag zum Jubil\u00e4um \u00ab500 Jahre Freistaat der Drei B\u00fcnde\u00bb. Florian Hitz &amp; Immacolata Saulle Hippenmeyer<\/h4>\n<p>[\/vc_column_text][vc_btn title=&#8221;Online-Shop&#8221; link=&#8221;url:https%3A%2F%2Fwww.somedia-buchverlag.ch%2Fgesamtverzeichnis%2Fdeder-bundsbrief-vom-23-september-1524%2F|title:Online-Shop%20Somedia%20Buchverlag|target:_blank|&#8221;][\/vc_column_inner][\/vc_row_inner][vc_row_inner content_placement=&#8221;middle&#8221; el_class=&#8221;atlas_content_item animate_el&#8221; css=&#8221;.vc_custom_1693491407921{background-color: rgba(40,40,40,0.05) !important;*background-color: rgb(40,40,40) !important;}&#8221;][vc_column_inner el_class=&#8221;atlas_item_image&#8221; width=&#8221;1\/2&#8243;][vc_single_image image=&#8221;5121&#8243; img_size=&#8221;full&#8221; el_class=&#8221;mb-0&#8243;][\/vc_column_inner][vc_column_inner el_class=&#8221;atlas_item_content&#8221; width=&#8221;1\/2&#8243;][vc_column_text el_class=&#8221;title_element&#8221;]<\/p>\n<h2>Atlante storico dei Grigioni 1524-2024<\/h2>\n<h4>L\u2019Istituto di ricerca sulla cultura grigione (icg), Archivio di Stato dei Grigioni<\/h4>\n<p>Pubblicato in DE, RUM e IT.<br \/>\n[\/vc_column_text][vc_btn title=&#8221;Atlas bestellen (DE)&#8221; link=&#8221;url:https%3A%2F%2Fwww.hierundjetzt.ch%2Fde%2Fcatalogue%2Fatlas-zur-geschichte-graubundens-1524-2024_24000005%2F|title:Atlas%20bestellen%20%28DE%29|target:_blank|&#8221;][vc_btn title=&#8221;Empustar l&apos;atlas (RM)&#8221; link=&#8221;url:https%3A%2F%2Fpublireno.ch%2Fshop%2Fatlas-da-listorgia-dal-grischun-1524-2024%2F|title:Empustar%20l%27atlas%20%28RUM%29|target:_blank|&#8221;][vc_btn title=&#8221;Ordinare l&apos;atlante (IT)&#8221; link=&#8221;url:https%3A%2F%2Fwww.editore.ch%2Fshopvm%2Fin-preparazione%2Fatlas-della-storia-dei-grigioni-1524-2024-detail.html|title:Ordinare%20l%27Atlante%20%28IT%29|target:_blank|&#8221;][\/vc_column_inner][\/vc_row_inner][vc_row_inner content_placement=&#8221;middle&#8221; el_class=&#8221;atlas_content_item animate_el&#8221; css=&#8221;.vc_custom_1725528958602{background-color: rgba(40,40,40,0.05) !important;*background-color: rgb(40,40,40) !important;}&#8221;][vc_column_inner el_class=&#8221;atlas_item_image&#8221; width=&#8221;1\/2&#8243;][vc_single_image image=&#8221;5279&#8243; img_size=&#8221;full&#8221; el_class=&#8221;mb-0&#8243;][\/vc_column_inner][vc_column_inner el_class=&#8221;atlas_item_content&#8221; width=&#8221;1\/2&#8243;][vc_column_text el_class=&#8221;title_element&#8221;]<\/p>\n<h2>Libro \u00abB\u00fcndner Gerichtsf\u00e4lle seit 1500\u00bb<\/h2>\n<p>24 casi giudiziari offrono uno sguardo sulla societ\u00e0 e sull&#8217;economia, la cultura e la mentalit\u00e0 grigionese nel corso di mezzo millennio. Un contributo della Societ\u00e0 Storica dei Grigioni al giubileo \u00ab500 anni di Libero Stato delle Tre Leghe\u00bb.<\/p>\n<p><strong>Presentazione del libro<br \/>\n<\/strong>27 settembre, ore 19.30<br \/>\nMuseo Retico di Coira<br \/>\nIngresso libero<br \/>\n[\/vc_column_text][vc_btn title=&#8221;Per saperne di pi\u00f9&#8221; link=&#8221;url:https%3A%2F%2Fhistoria-gr.ch%2Fpublikationen%2Fdetail%2Fbuendner-gerichtsfaelle-seit-1500-1|title:Per%20saperne%20di%20pi%C3%B9|target:_blank|&#8221;][\/vc_column_inner][\/vc_row_inner][vc_row_inner content_placement=&#8221;middle&#8221; el_class=&#8221;atlas_content_item animate_el&#8221; css=&#8221;.vc_custom_1725528958602{background-color: rgba(40,40,40,0.05) !important;*background-color: rgb(40,40,40) !important;}&#8221;][vc_column_inner el_class=&#8221;atlas_item_image&#8221; width=&#8221;1\/2&#8243;][vc_single_image image=&#8221;5319&#8243; img_size=&#8221;full&#8221; el_class=&#8221;mb-0&#8243;][\/vc_column_inner][vc_column_inner el_class=&#8221;atlas_item_content&#8221; width=&#8221;1\/2&#8243;][vc_column_text el_class=&#8221;title_element&#8221;]<\/p>\n<h2>La comunit\u00e0 territoriale e il Libero Stato delle Tre Leghe<\/h2>\n<h4>Aspetti della storia della democrazia nei Cantoni di Glarona e dei Grigioni. A cura di Ren\u00e9 Roca.<\/h4>\n<p>[\/vc_column_text][vc_btn title=&#8221;ordina il libro&#8221; link=&#8221;url:https%3A%2F%2Ffidd.ch%2Fbestellungen.html|title:Per%20saperne%20di%20pi%C3%B9|target:_blank|&#8221;][\/vc_column_inner][\/vc_row_inner][vc_row_inner content_placement=&#8221;middle&#8221; el_class=&#8221;atlas_content_item animate_el&#8221; css=&#8221;.vc_custom_1725528965746{background-color: rgba(40,40,40,0.05) !important;*background-color: rgb(40,40,40) !important;}&#8221;][vc_column_inner el_class=&#8221;atlas_item_image&#8221; width=&#8221;1\/2&#8243;][vc_single_image image=&#8221;4976&#8243; img_size=&#8221;full&#8221; el_class=&#8221;mb-0&#8243;][\/vc_column_inner][vc_column_inner el_class=&#8221;atlas_item_content&#8221; width=&#8221;1\/2&#8243;][vc_column_text el_class=&#8221;title_element&#8221;]<\/p>\n<h2>Facciamo un podcast<\/h2>\n<p><strong>un progetto delle <\/strong><strong>scuole di <\/strong><strong>Poschiavo<\/strong><\/p>\n<p>In occasione dei festeggiamenti per i 500 anni dalla fondazione del Libero Stato delle Tre Leghe (1524\u20132024), le allieve e gli allievi delle secondarie delle scuole di Poschiavo hanno realizzato un progetto radiofonico.<\/p>\n<p>Si tratta di diversi podcast su vari argomenti legati a questo evento storico, ma non solo: alla cultura dei Grigioni e della Valposchiavo, a ci\u00f2 che interessa le giovani e i giovani grigionesi e a quali aspetti li fa sentire parte di questo cantone.[\/vc_column_text][vc_btn title=&#8221;Podcasts&#8221; link=&#8221;url:https%3A%2F%2Filbernina.ch%2Ftag%2Fpodcast-500-anni-tre-leghe%2F|title:Podcast%20Poschiavo|target:_blank|&#8221;][\/vc_column_inner][\/vc_row_inner][vc_row_inner content_placement=&#8221;middle&#8221; el_class=&#8221;atlas_content_item animate_el&#8221; css=&#8221;.vc_custom_1693491407921{background-color: rgba(40,40,40,0.05) !important;*background-color: rgb(40,40,40) !important;}&#8221;][vc_column_inner el_class=&#8221;atlas_item_image&#8221; width=&#8221;1\/2&#8243;][vc_single_image image=&#8221;2707&#8243; img_size=&#8221;full&#8221; el_class=&#8221;mb-0&#8243;][\/vc_column_inner][vc_column_inner el_class=&#8221;atlas_item_content&#8221; width=&#8221;1\/2&#8243;][vc_column_text el_class=&#8221;title_element&#8221;]<\/p>\n<h2>500 Jahre Freistaat der Drei B\u00fcnde &#8211; \u00abTerra Grischuna\u00bb<\/h2>\n<p>Sonderheft, April 2024<br \/>\n[\/vc_column_text][vc_btn title=&#8221;Online-Shop&#8221; link=&#8221;url:https%3A%2F%2Fwww.terragrischuna.ch%2Fzeitschrift%2F2-2024-500-jahre-freistaat-der-drei-buende|title:Online-Shop%20Terra%20Grischuna|target:_blank|&#8221;][\/vc_column_inner][\/vc_row_inner][vc_row_inner content_placement=&#8221;middle&#8221; disable_element=&#8221;yes&#8221; el_class=&#8221;atlas_content_item animate_el&#8221; css=&#8221;.vc_custom_1716299245238{background-color: rgba(40,40,40,0.05) !important;*background-color: rgb(40,40,40) !important;}&#8221;][vc_column_inner el_class=&#8221;atlas_item_image&#8221; width=&#8221;1\/2&#8243;][vc_single_image image=&#8221;2814&#8243; img_size=&#8221;full&#8221; el_class=&#8221;mb-0&#8243;][\/vc_column_inner][vc_column_inner el_class=&#8221;atlas_item_content&#8221; width=&#8221;1\/2&#8243;][vc_column_text el_class=&#8221;title_element&#8221;]<\/p>\n<h2>Verbali delle Diete<\/h2>\n<p>[\/vc_column_text][\/vc_column_inner][\/vc_row_inner][\/vc_column][\/vc_row][\/vc_section][vc_section css=&#8221;.vc_custom_1692366399358{background-color: rgba(40,40,40,0.05) !important;*background-color: rgb(40,40,40) !important;}&#8221;][\/vc_section][vc_section disable_element=&#8221;yes&#8221; css=&#8221;.vc_custom_1706881808291{background-color: #282828 !important;}&#8221;][\/vc_section]<\/p>\n<\/div>","protected":false},"excerpt":{"rendered":"<p>[vc_section el_class=&#8221;hero hero_page full_width&#8221; css=&#8221;.vc_custom_1689938943357{background-image: url(https:\/\/500.gr.ch\/wp-content\/uploads\/2023\/07\/Karte_Drei_Buende-3638462761-1.png?id=15) !important;background-position: center !important;background-repeat: no-repeat !important;background-size: cover !important;}&#8221;][vc_row][vc_column][vc_column_text el_class=&#8221;mb-0 white_text title_element&#8221;] Pubblicazioni [\/vc_column_text][\/vc_column][\/vc_row][vc_row el_class=&#8221;scroll_icon_wrapper_row&#8221;][vc_column][vc_column_text el_class=&#8221;mb-0 scroll_icon_wrapper&#8221;] [\/vc_column_text][\/vc_column][\/vc_row][\/vc_section][vc_section][vc_row el_class=&#8221;atlas_content_wrapper&#8221;][vc_column][vc_row_inner content_placement=&#8221;middle&#8221; el_class=&#8221;atlas_content_item animate_el&#8221; css=&#8221;.vc_custom_1693491407921{background-color: rgba(40,40,40,0.05) !important;*background-color: rgb(40,40,40) !important;}&#8221;][vc_column_inner el_class=&#8221;atlas_item_image&#8221; width=&#8221;1\/2&#8243;][vc_single_image image=&#8221;5482&#8243; img_size=&#8221;full&#8221; el_class=&#8221;mb-0&#8243;][\/vc_column_inner][vc_column_inner el_class=&#8221;atlas_item_content&#8221; width=&#8221;1\/2&#8243;][vc_column_text el_class=&#8221;title_element&#8221;] Libro\u00a0\u00abtesori grigionesi\u00bb In occasione del giubileo \u00ab500 anni di Libero Stato delle Tre Leghe\u00bb, circa 160&hellip; <a class=\"more-link\" href=\"https:\/\/500.gr.ch\/it\/pubblicazioni\/\">Continua a leggere <span class=\"screen-reader-text\">Pubblicazioni<\/span><\/a><\/p>\n","protected":false},"author":7,"featured_media":0,"parent":0,"menu_order":0,"comment_status":"closed","ping_status":"closed","template":"","meta":{"_acf_changed":false,"inline_featured_image":false,"footnotes":""},"class_list":["post-3603","page","type-page","status-publish","hentry","entry"],"acf":[],"_links":{"self":[{"href":"https:\/\/500.gr.ch\/it\/wp-json\/wp\/v2\/pages\/3603","targetHints":{"allow":["GET"]}}],"collection":[{"href":"https:\/\/500.gr.ch\/it\/wp-json\/wp\/v2\/pages"}],"about":[{"href":"https:\/\/500.gr.ch\/it\/wp-json\/wp\/v2\/types\/page"}],"author":[{"embeddable":true,"href":"https:\/\/500.gr.ch\/it\/wp-json\/wp\/v2\/users\/7"}],"replies":[{"embeddable":true,"href":"https:\/\/500.gr.ch\/it\/wp-json\/wp\/v2\/comments?post=3603"}],"version-history":[{"count":47,"href":"https:\/\/500.gr.ch\/it\/wp-json\/wp\/v2\/pages\/3603\/revisions"}],"predecessor-version":[{"id":5487,"href":"https:\/\/500.gr.ch\/it\/wp-json\/wp\/v2\/pages\/3603\/revisions\/5487"}],"wp:attachment":[{"href":"https:\/\/500.gr.ch\/it\/wp-json\/wp\/v2\/media?parent=3603"}],"curies":[{"name":"wp","href":"https:\/\/api.w.org\/{rel}","templated":true}]}}