{"id":3104,"date":"2024-05-02T11:09:24","date_gmt":"2024-05-02T09:09:24","guid":{"rendered":"https:\/\/500.gr.ch\/?page_id=3104"},"modified":"2024-05-07T11:49:52","modified_gmt":"2024-05-07T09:49:52","slug":"11-regiuns-11-purtrets","status":"publish","type":"page","link":"https:\/\/500.gr.ch\/rum\/11-regiuns-11-purtrets\/","title":{"rendered":"11 regiuns \u2013 11 purtrets"},"content":{"rendered":"<div class=\"wpb-content-wrapper\"><p>[vc_section el_class=&#8221;hero hero_page full_width&#8221; css=&#8221;.vc_custom_1689938943357{background-image: url(https:\/\/500.gr.ch\/wp-content\/uploads\/2023\/07\/Karte_Drei_Buende-3638462761-1.png?id=15) !important;background-position: center !important;background-repeat: no-repeat !important;background-size: cover !important;}&#8221;][vc_row][vc_column][vc_column_text el_class=&#8221;mb-0 white_text title_element&#8221;]<\/p>\n<h1 style=\"text-align: center;\">11 regiuns \u2013 11 purtrets<\/h1>\n<p>[\/vc_column_text][\/vc_column][\/vc_row][vc_row el_class=&#8221;scroll_icon_wrapper_row&#8221;][vc_column][vc_column_text el_class=&#8221;mb-0 scroll_icon_wrapper&#8221;]<div class=\"scroll_icon_el\"><svg width=\"65\" height=\"65\" viewBox=\"0 0 65 65\" fill=\"none\" xmlns=\"http:\/\/www.w3.org\/2000\/svg\"> <path fill-rule=\"evenodd\" clip-rule=\"evenodd\" d=\"M54.3022 31.7322C55.2769 32.7086 55.2769 34.2915 54.3022 35.2678L34.3355 55.2677C33.3608 56.244 31.7805 56.244 30.8059 55.2677L10.8391 35.2678C9.86452 34.2914 9.86452 32.7085 10.8391 31.7322C11.8138 30.7559 13.3941 30.7559 14.3688 31.7322L32.5707 49.9645L50.7725 31.7322C51.7472 30.7559 53.3275 30.7559 54.3022 31.7322Z\" fill=\"white\"\/> <path fill-rule=\"evenodd\" clip-rule=\"evenodd\" d=\"M54.3022 8.73222C55.2769 9.70855 55.2769 11.2915 54.3022 12.2678L34.3355 32.2677C33.3608 33.244 31.7805 33.244 30.8059 32.2677L10.8391 12.2678C9.86452 11.2914 9.86452 9.70855 10.8391 8.73222C11.8138 7.75592 13.3941 7.75592 14.3688 8.73222L32.5707 26.9645L50.7725 8.73222C51.7472 7.75592 53.3275 7.75592 54.3022 8.73222Z\" fill=\"white\"\/> <\/svg><\/div>[\/vc_column_text][\/vc_column][\/vc_row][\/vc_section][vc_section][vc_row el_class=&#8221;atlas_content_wrapper&#8221;][vc_column][vc_row_inner content_placement=&#8221;middle&#8221; el_class=&#8221;atlas_content_item animate_el&#8221; css=&#8221;.vc_custom_1693491407921{background-color: rgba(40,40,40,0.05) !important;*background-color: rgb(40,40,40) !important;}&#8221;][vc_column_inner el_class=&#8221;atlas_item_image&#8221; width=&#8221;1\/2&#8243;][vc_single_image image=&#8221;3062&#8243; img_size=&#8221;full&#8221; el_class=&#8221;mb-0&#8243;][\/vc_column_inner][vc_column_inner el_class=&#8221;atlas_item_content&#8221; width=&#8221;1\/2&#8243;][vc_column_text el_class=&#8221;title_element&#8221;]<\/p>\n<h2>Ilaria Barandun<\/h2>\n<h4>Sportista juniora, regiun Il Plaun<\/h4>\n<p>[\/vc_column_text][vc_column_text]<strong>Tge object has ti purt\u00e0?<\/strong><br \/>\n\u00abIna medaglia dad aur dal sport da tir, sco substituta per il Calanda.\u00bb<\/p>\n<p><strong>Pertge munta quest object per tai patria\/Grischun?<\/strong><br \/>\n\u00abJau hai purt\u00e0 ina medaglia dad aur sco substituta per il Calanda, perquai ch\u2019ins ha gia chatt\u00e0 aur al Calanda da Favugn. Noss stan da tir \u00e8 drizz\u00e0 vers la costa da tir dal Calanda. Sco mattetta da quatter onns sun jau gia stada per l\u2019emprima giada tar las cruschs dals pizs dal Calanda da Favugn e da Haldenstein. Quai \u00e8 in grondius sentiment, sch\u2019ins ha cuntansch\u00ec la finamira e sch\u2019ins stat il pli sisum. Sche nus giain davent sai jau adina cun turnar: uschespert che jau ves il Calanda, sun jau a chasa. Quai \u00e8 patria per mai.\u00bb[\/vc_column_text][vc_btn title=&#8221;Video Purtret&#8221; link=&#8221;url:https%3A%2F%2Fyoutu.be%2FFRc3cGMTNXk|title:Video%20Purtret%20Ilaria%20Barandun|target:_blank|&#8221;][\/vc_column_inner][\/vc_row_inner][vc_row_inner content_placement=&#8221;middle&#8221; el_class=&#8221;atlas_content_item animate_el&#8221; css=&#8221;.vc_custom_1693491407921{background-color: rgba(40,40,40,0.05) !important;*background-color: rgb(40,40,40) !important;}&#8221;][vc_column_inner el_class=&#8221;atlas_item_image&#8221; width=&#8221;1\/2&#8243;][vc_single_image image=&#8221;3067&#8243; img_size=&#8221;full&#8221; el_class=&#8221;mb-0&#8243;][\/vc_column_inner][vc_column_inner el_class=&#8221;atlas_item_content&#8221; width=&#8221;1\/2&#8243;][vc_column_text el_class=&#8221;title_element&#8221;]<\/p>\n<h2>Rebecca Clopath<\/h2>\n<h4>La cuschina natirala, regiun Viamala<\/h4>\n<p>[\/vc_column_text][vc_column_text]<strong>Tge object has ti purt\u00e0?<\/strong><br \/>\n\u00abAua da Lon.\u00bb<\/p>\n<p><strong>Pertge munta quest object per tai patria\/Grischun?<br \/>\n<\/strong>\u00abAua n\u2019\u00e8 bain nagin object, ella intermediescha dentant fitg blers sentiments da patria. En il Grischun avain nus fitg bleras funtaunas, blers auals e flums e lais che caracteriseschan nossa regiun e noss chantun. Al medem mument ans porscha l\u2019aua fitg bleras pussaivladads, saja quai en l\u2019agricultura, en la gastronomia, en il mastergn u era en general. Cun l\u2019aua nascha ina gronda diversitad en nossa regiun. Natiralmain baiv jau il pli gugent aua da Lon.\u00bb[\/vc_column_text][vc_btn title=&#8221;Video Purtret&#8221; link=&#8221;url:https%3A%2F%2Fyoutu.be%2FY28xU06i-H0%20|title:Video%20Purtret%20Rebecca%20Clopath|target:_blank|&#8221;][\/vc_column_inner][\/vc_row_inner][vc_row_inner content_placement=&#8221;middle&#8221; el_class=&#8221;atlas_content_item animate_el&#8221; css=&#8221;.vc_custom_1693491407921{background-color: rgba(40,40,40,0.05) !important;*background-color: rgb(40,40,40) !important;}&#8221;][vc_column_inner el_class=&#8221;atlas_item_image&#8221; width=&#8221;1\/2&#8243;][vc_single_image image=&#8221;3071&#8243; img_size=&#8221;full&#8221; el_class=&#8221;mb-0&#8243;][\/vc_column_inner][vc_column_inner el_class=&#8221;atlas_item_content&#8221; width=&#8221;1\/2&#8243;][vc_column_text el_class=&#8221;title_element&#8221;]<\/p>\n<h2>Mattiu Defuns<\/h2>\n<h4>Artist, regiun Surselva<\/h4>\n<p>[\/vc_column_text][vc_column_text]<strong>Tge object has ti purt\u00e0?<br \/>\n<\/strong>\u00abCornas da chamutsch sco substitut per mia chanzun dal buc da chamutsch.\u00bb<\/p>\n<p><strong>Pertge munta quest object per tai patria\/Grischun?<br \/>\n<\/strong>\u00abJau hai purt\u00e0 ina nova chanzun, che jau vuless visualisar cun questas cornas da chamutsch. Era sche la chatscha ha ina gronda muntada en mia vita, na vai per mai betg en prima lingia per sajettar in animal. Bler pli impurtant \u00e8 il temp che jau poss passentar en la natira, ensemen cun mes bab e cun mes frar, e la pussaivladad da pudair observar noss animals selvadis en lur spazi da viver. La chanzun tracta da l\u2019inscunter grondius cun in buc da chamutsch en la Val Frisal en Surselva.\u00bb[\/vc_column_text][vc_btn title=&#8221;Video Purtret&#8221; link=&#8221;url:https%3A%2F%2Fyoutu.be%2Fmh7PHjDQDG4|title:Video%20Purtret%20Mattiu%20Defuns|target:_blank|&#8221;][\/vc_column_inner][\/vc_row_inner][vc_row_inner content_placement=&#8221;middle&#8221; el_class=&#8221;atlas_content_item animate_el&#8221; css=&#8221;.vc_custom_1693491407921{background-color: rgba(40,40,40,0.05) !important;*background-color: rgb(40,40,40) !important;}&#8221;][vc_column_inner el_class=&#8221;atlas_item_image&#8221; width=&#8221;1\/2&#8243;][vc_single_image image=&#8221;3075&#8243; img_size=&#8221;full&#8221; el_class=&#8221;mb-0&#8243;][\/vc_column_inner][vc_column_inner el_class=&#8221;atlas_item_content&#8221; width=&#8221;1\/2&#8243;][vc_column_text el_class=&#8221;title_element&#8221;]<\/p>\n<h2>Suor Domenica<\/h2>\n<h4>Muniessa, Engiadina Bassa\/Val M\u00fcstair<\/h4>\n<p>[\/vc_column_text][vc_column_text]<strong>Tge object avais Vus purt\u00e0?<br \/>\n<\/strong>\u00abIna reproducziun da la Tur dals Plantas fatga sezza e mia \u2019Oda a la Tur dals Plantas\u2019.\u00bb<\/p>\n<p><strong>Pertge munta quest object per Vus patria\/Grischun?<br \/>\n<\/strong>\u00abGia sco uffant hai jau g\u00ec ina relaziun cun la Tur dals Plantas, perquai che jau la pudeva vesair davent da mia chasa paterna. Ella \u00e8 vegnida construida oriundamain il 960 sco tur da defaisa e d\u2019abitar per ils muntgs benedictins. Gia dad uffant sun jau m\u2019imaginada co che las muniessas han chatt\u00e0 protecziun ed in refugi en la tur cun ses letgs particularmain pitschens en temps da crisa. Oz san ins che las muniessas durmivan quella giada en posiziun sesenta. La Tur dals Plantas ma dat anc oz in sentiment da protecziun e da patria.\u00bb[\/vc_column_text][vc_btn title=&#8221;Video Purtret&#8221; link=&#8221;url:https%3A%2F%2Fyoutu.be%2FOaJMnMD6uuc|title:Video%20Purtret%20Sour%20Domenica|target:_blank|&#8221;][vc_btn title=&#8221;Oda a la Tur dals Plantas (tudestg)&#8221; link=&#8221;url:https%3A%2F%2F500.gr.ch%2Fwp-content%2Fuploads%2F2024%2F05%2FO-Plantaturm-Sour-Domenica_500-Jahre-Freistaat-der-Drei-Buende.pdf|title:Oda%20a%20la%20Tur%20dals%20Plantas%20%28tudestg%29|target:_blank|&#8221;][\/vc_column_inner][\/vc_row_inner][vc_row_inner content_placement=&#8221;middle&#8221; el_class=&#8221;atlas_content_item animate_el&#8221; css=&#8221;.vc_custom_1693491407921{background-color: rgba(40,40,40,0.05) !important;*background-color: rgb(40,40,40) !important;}&#8221;][vc_column_inner el_class=&#8221;atlas_item_image&#8221; width=&#8221;1\/2&#8243;][vc_single_image image=&#8221;3079&#8243; img_size=&#8221;full&#8221; el_class=&#8221;mb-0&#8243;][\/vc_column_inner][vc_column_inner el_class=&#8221;atlas_item_content&#8221; width=&#8221;1\/2&#8243;][vc_column_text el_class=&#8221;title_element&#8221;]<\/p>\n<h2>Riccarda Fl\u00fctsch<\/h2>\n<h4>Locomotivista, regiun Alvra<\/h4>\n<p>[\/vc_column_text][vc_column_text]<strong>Tge object has ti purt\u00e0?<br \/>\n<\/strong>\u00abIn pitschna brocca da lain cun maletgs.\u00bb<\/p>\n<p><strong>Pertge munta quest object per tai patria\/Grischun?<br \/>\n<\/strong>\u00abQuesta pitschna brocca m\u2019accumpogna gia tut mia vita. La pictura purila sin la brocca ha fatg mia tatta. Gia dad uffant hai jau g\u00ec l\u2019impressiun che questa brocca saja insatge \u00abmirveglius\u00bb. Ella decorescha mes dachasa dapi adina e patria \u00e8 per mai l\u00e0 nua che jau sun dachasa. La brocca stat per mastergn, dentant era per las valurs da mia famiglia: stgaffir insatge cun agens mauns, appreziar era chaussas pitschnas e far in plaschair in a l\u2019auter. Quai \u00e8 lura pir da dretg patria per mai.\u00bb[\/vc_column_text][vc_btn title=&#8221;Video Purtret&#8221; link=&#8221;url:https%3A%2F%2Fyoutu.be%2FGVdQSdZed6Y|title:Video%20Purtret%20Riccarda%20Fl%C3%BCtsch|target:_blank|&#8221;][\/vc_column_inner][\/vc_row_inner][vc_row_inner content_placement=&#8221;middle&#8221; el_class=&#8221;atlas_content_item animate_el&#8221; css=&#8221;.vc_custom_1693491407921{background-color: rgba(40,40,40,0.05) !important;*background-color: rgb(40,40,40) !important;}&#8221;][vc_column_inner el_class=&#8221;atlas_item_image&#8221; width=&#8221;1\/2&#8243;][vc_single_image image=&#8221;3083&#8243; img_size=&#8221;full&#8221; el_class=&#8221;mb-0&#8243;][\/vc_column_inner][vc_column_inner el_class=&#8221;atlas_item_content&#8221; width=&#8221;1\/2&#8243;][vc_column_text el_class=&#8221;title_element&#8221;]<\/p>\n<h2>Gian-Reto Meier<\/h2>\n<h4>Chatschader, regiun Landquart<\/h4>\n<p>[\/vc_column_text][vc_column_text]<strong>Tge object has ti purt\u00e0?<\/strong><br \/>\n\u00abIna figura da bronz, \u2018las trais schimgias sabias\u2019.\u00bb<\/p>\n<p><strong>Pertge munta quest object per tai patria\/Grischun?<\/strong><br \/>\n\u00abLa pitschna figura da bronz cun las trais schimgias sabias era dapi mia emprima uffanza sin la scrivania da mes bab en sia pratica da medi da chasa. Jau l\u2019hai savens admirada cura che jau laschava charrar la saira mes auto teleguid\u00e0 tras las localitads vidas da la pratica. Tge plaschair cura che mes bab m\u2019ha regal\u00e0 la figura per la fin da mes studi. Dapi quella giada ornescha ella mes pult e na ma regorda betg mo a dis fortunads da giuventetgna, mabain era da betg far stim da maniera sabia da chaussas nauschas.\u00bb[\/vc_column_text][vc_btn title=&#8221;Video Purtret&#8221; link=&#8221;url:https%3A%2F%2Fyoutu.be%2FniTf4Lej-UE|title:Video%20Purtret%20Gian-Reto%20Meier|target:_blank|&#8221;][\/vc_column_inner][\/vc_row_inner][vc_row_inner content_placement=&#8221;middle&#8221; el_class=&#8221;atlas_content_item animate_el&#8221; css=&#8221;.vc_custom_1693491407921{background-color: rgba(40,40,40,0.05) !important;*background-color: rgb(40,40,40) !important;}&#8221;][vc_column_inner el_class=&#8221;atlas_item_image&#8221; width=&#8221;1\/2&#8243;][vc_single_image image=&#8221;3086&#8243; img_size=&#8221;full&#8221; el_class=&#8221;mb-0&#8243;][\/vc_column_inner][vc_column_inner el_class=&#8221;atlas_item_content&#8221; width=&#8221;1\/2&#8243;][vc_column_text el_class=&#8221;title_element&#8221;]<\/p>\n<h2>Nina Pieracci<\/h2>\n<h4>Scolara, regiun Moesa<\/h4>\n<p>[\/vc_column_text][vc_column_text]<strong>Tge object hast ti purt\u00e0?<br \/>\n<\/strong>\u00abIn granit (crap) da la Moesa.\u00bb<\/p>\n<p><strong>Pertge munta quest object per tai patria\/Grischun?<br \/>\n<\/strong>\u00abPer mai represchenta quest granit il chantun Grischun, perquai ch\u2019el ha la furma d\u2019ina muntogna e perquai che nus avain gea fitg bleras muntognas en il Grischun. Cun sis onns sun jau stada sin mia emprima muntogna, il San Jorio. Quai \u00e8 st\u00e0 in bel eveniment e jau sai ma regurdar anc bain da quel. Mes geniturs m\u2019han decler\u00e0 l\u00e0 ch\u2019il San Jorio collia la Svizra cun l\u2019Italia e che mias ragischs sajan en domadus pajais. Igl \u00e8 impurtant che nus hajan en avegnir dapli tgira da nossa natira, da las muntognas e dals glatschers.\u00bb[\/vc_column_text][vc_btn title=&#8221;Video Purtret&#8221; link=&#8221;url:https%3A%2F%2Fyoutu.be%2FKqg8VsPlaI0|title:Video%20Purtret%20Nina%20Pieracci|target:_blank|&#8221;][\/vc_column_inner][\/vc_row_inner][vc_row_inner content_placement=&#8221;middle&#8221; el_class=&#8221;atlas_content_item animate_el&#8221; css=&#8221;.vc_custom_1693491407921{background-color: rgba(40,40,40,0.05) !important;*background-color: rgb(40,40,40) !important;}&#8221;][vc_column_inner el_class=&#8221;atlas_item_image&#8221; width=&#8221;1\/2&#8243;][vc_single_image image=&#8221;3089&#8243; img_size=&#8221;full&#8221; el_class=&#8221;mb-0&#8243;][\/vc_column_inner][vc_column_inner el_class=&#8221;atlas_item_content&#8221; width=&#8221;1\/2&#8243;][vc_column_text el_class=&#8221;title_element&#8221;]<\/p>\n<h2>Gaudenz Schmid<\/h2>\n<h4>Pensiunari, regiun Plessur<\/h4>\n<p>[\/vc_column_text][vc_column_text]<strong>Tge object has ti purt\u00e0?<br \/>\n<\/strong>\u00abPonsi \u2013 ina brenta per uffants.\u00bb<\/p>\n<p><strong>Pertge munta quest object per tai patria\/Grischun?<\/strong><br \/>\n\u00abJau hai purt\u00e0 ina brenta. Nus numnavan quella mintgamai \u00abPonsi\u00bb. Cun mes Ponsi si dies e dus sadellas enta maun stueva jau sco pitschen mattet ir per aua sin nossa acla \u00abRuncalier\u00bb fin tar la funtauna \u00abSpinamels\u00bb ch\u2019era circa dus kilometers lontan. Quella funtauna era gia bunamain tar la \u00abchavorgia dals urs\u00bb. D\u2019ina vart \u00e8 quai ina regurdientscha d\u2019uffant ch\u2019\u00e8 fitg preschenta, e da l\u2019autra vart san ins dir: senza aua nagina vita ed uschia era nagin Grischun.\u00bb[\/vc_column_text][vc_btn title=&#8221;Video Purtret&#8221; link=&#8221;url:https%3A%2F%2Fyoutu.be%2FWqN42X8iDX4|title:Video%20Purtret%20Gaudenz%20Schmid|target:_blank|&#8221;][\/vc_column_inner][\/vc_row_inner][vc_row_inner content_placement=&#8221;middle&#8221; el_class=&#8221;atlas_content_item animate_el&#8221; css=&#8221;.vc_custom_1693491407921{background-color: rgba(40,40,40,0.05) !important;*background-color: rgb(40,40,40) !important;}&#8221;][vc_column_inner el_class=&#8221;atlas_item_image&#8221; width=&#8221;1\/2&#8243;][vc_single_image image=&#8221;3092&#8243; img_size=&#8221;full&#8221; el_class=&#8221;mb-0&#8243;][\/vc_column_inner][vc_column_inner el_class=&#8221;atlas_item_content&#8221; width=&#8221;1\/2&#8243;][vc_column_text el_class=&#8221;title_element&#8221;]<\/p>\n<h2>Fran\u00e7oise Stahel<\/h2>\n<h4>\u00abMadame Maraton da skis Engiadina\u00bb, regiun Partenz\/Tavau<\/h4>\n<p>[\/vc_column_text][vc_column_text]<strong>Tge object has ti purt\u00e0?<br \/>\n<\/strong>\u00abIn p\u00e8r da mes vegls chalzers da viandar.\u00bb<\/p>\n<p><strong>Pertge munta quest object per tai patria\/Grischun?<br \/>\n<\/strong>\u00abCura che jau sun arrivada a Claustra, il november dal 1959, avevi in mez meter naiv. Jau n\u2019aveva anc mai vis naiv avant, e chalzers d\u2019enviern n\u2019aveva jau era nagins \u2013 mo mes chalzers cun tatgs auts. Jau n\u2019hai betg sav\u00ec co ch\u2019jau duai vegnir da la staziun al hotel \u00abChesa Grischuna\u00bb. Il di suenter hai jau pia stu\u00ec cumprar immediat chalzers. Da quel temp devi dentant da cumprar mo \u00abchalzers da muntogna grops\u00bb a Claustra, sumegliants a quests qua. E lura \u00e8n las muntognas cun ses chalzers grops daventadas mia patria.\u00bb[\/vc_column_text][vc_btn title=&#8221;Video Purtret&#8221; link=&#8221;url:https%3A%2F%2Fyoutu.be%2FsGzMIOYId3I|title:Video%20Purtret%20Fran%C3%A7oise%20Stahel|target:_blank|&#8221;][\/vc_column_inner][\/vc_row_inner][vc_row_inner content_placement=&#8221;middle&#8221; el_class=&#8221;atlas_content_item animate_el&#8221; css=&#8221;.vc_custom_1693491407921{background-color: rgba(40,40,40,0.05) !important;*background-color: rgb(40,40,40) !important;}&#8221;][vc_column_inner el_class=&#8221;atlas_item_image&#8221; width=&#8221;1\/2&#8243;][vc_single_image image=&#8221;3096&#8243; img_size=&#8221;full&#8221; el_class=&#8221;mb-0&#8243;][\/vc_column_inner][vc_column_inner el_class=&#8221;atlas_item_content&#8221; width=&#8221;1\/2&#8243;][vc_column_text el_class=&#8221;title_element&#8221;]<\/p>\n<h2>Giovanni Triacca<\/h2>\n<h4>Martgadant da vin, regiun Bernina<\/h4>\n<p>[\/vc_column_text][vc_column_text]<strong>Tge objet hast ti purt\u00e0?<br \/>\n<\/strong>\u00abJau hai purt\u00e0 ina padella da chastognas.\u00bb<\/p>\n<p><strong>Pertge munta quest object per tai patria\/Grischun?<\/strong><br \/>\n\u00abEn la bassa Valposchiavo datti blers guauds da chastognas. Nossa famiglia posseda circa ventg chastagners, e sco uffant eri adina in grond eveniment, sche nus pudevan rimnar chastognas l\u2019atun. Nossa tatta ha lura brass\u00e0 quellas sur il fieu avert. Igl era il pensum da nus uffants da far giu la paletscha da las chastognas. Pli tard vegnivan lura era noss geniturs. Uschia sesa era anc oz l\u2019entira famiglia al fieu, mangia maruns ensemen e dat ina baterlada \u2013 quai \u00e8 patria per mai.\u00bb[\/vc_column_text][vc_btn title=&#8221;Video Purtret&#8221; link=&#8221;url:https%3A%2F%2Fyoutu.be%2Fg615s1YW9rw|title:Video%20Purtret%20Giovanni%20Triacca|target:_blank|&#8221;][\/vc_column_inner][\/vc_row_inner][vc_row_inner content_placement=&#8221;middle&#8221; el_class=&#8221;atlas_content_item animate_el&#8221; css=&#8221;.vc_custom_1693491407921{background-color: rgba(40,40,40,0.05) !important;*background-color: rgb(40,40,40) !important;}&#8221;][vc_column_inner el_class=&#8221;atlas_item_image&#8221; width=&#8221;1\/2&#8243;][vc_single_image image=&#8221;3099&#8243; img_size=&#8221;full&#8221; el_class=&#8221;mb-0&#8243;][\/vc_column_inner][vc_column_inner el_class=&#8221;atlas_item_content&#8221; width=&#8221;1\/2&#8243;][vc_column_text el_class=&#8221;title_element&#8221;]<\/p>\n<h2>Antonio Walther<\/h2>\n<h4>Gastronom, Mal\u00f6gia<\/h4>\n<p>[\/vc_column_text][vc_column_text]<strong>Tge object has ti purt\u00e0?<br \/>\n<\/strong>\u00abMia emprima pertga da pestgar.\u00bb<\/p>\n<p><strong>Pertge munta quest object per tai patria\/Grischun?<\/strong><br \/>\n\u00abIl Lai da Segl \u00e8 st\u00e0 mia stiva d\u2019uffanza. Jau hai adina accumpagn\u00e0 sco uffant mes aug Rudi Walther a la pestga. Cun quai ch\u2019el ha vis mes talent, m\u2019ha Rudi regal\u00e0 mia emprima pertga da pestgar. Cun mia pitschna bartga cun rembels che mes bab m\u2019aveva regal\u00e0, era jau gia cun 7 onns adina sin il lai. Mintgatant ma traplava il guardiapestga ed admoniva mes geniturs: \u2018Antonio na duai almain betg pestgar lura cura che jau sun denturn\u2019.\u00bb[\/vc_column_text][vc_btn title=&#8221;Video Purtret&#8221; link=&#8221;url:https%3A%2F%2Fyoutu.be%2FvwBM1nzpVkA|title:Video%20Purtret%20Antonio%20Walther|target:_blank|&#8221;][\/vc_column_inner][\/vc_row_inner][\/vc_column][\/vc_row][\/vc_section][vc_section css=&#8221;.vc_custom_1692366399358{background-color: rgba(40,40,40,0.05) !important;*background-color: rgb(40,40,40) !important;}&#8221;][\/vc_section][vc_section disable_element=&#8221;yes&#8221; css=&#8221;.vc_custom_1706881808291{background-color: #282828 !important;}&#8221;][\/vc_section]<\/p>\n<\/div>","protected":false},"excerpt":{"rendered":"<p>[vc_section el_class=&#8221;hero hero_page full_width&#8221; css=&#8221;.vc_custom_1689938943357{background-image: url(https:\/\/500.gr.ch\/wp-content\/uploads\/2023\/07\/Karte_Drei_Buende-3638462761-1.png?id=15) !important;background-position: center !important;background-repeat: no-repeat !important;background-size: cover !important;}&#8221;][vc_row][vc_column][vc_column_text el_class=&#8221;mb-0 white_text title_element&#8221;] 11 regiuns \u2013 11 purtrets [\/vc_column_text][\/vc_column][\/vc_row][vc_row el_class=&#8221;scroll_icon_wrapper_row&#8221;][vc_column][vc_column_text el_class=&#8221;mb-0 scroll_icon_wrapper&#8221;][\/vc_column_text][\/vc_column][\/vc_row][\/vc_section][vc_section][vc_row el_class=&#8221;atlas_content_wrapper&#8221;][vc_column][vc_row_inner content_placement=&#8221;middle&#8221; el_class=&#8221;atlas_content_item animate_el&#8221; css=&#8221;.vc_custom_1693491407921{background-color: rgba(40,40,40,0.05) !important;*background-color: rgb(40,40,40) !important;}&#8221;][vc_column_inner el_class=&#8221;atlas_item_image&#8221; width=&#8221;1\/2&#8243;][vc_single_image image=&#8221;3062&#8243; img_size=&#8221;full&#8221; el_class=&#8221;mb-0&#8243;][\/vc_column_inner][vc_column_inner el_class=&#8221;atlas_item_content&#8221; width=&#8221;1\/2&#8243;][vc_column_text el_class=&#8221;title_element&#8221;] Ilaria Barandun Sportista juniora, regiun Il Plaun [\/vc_column_text][vc_column_text]Tge object has ti purt\u00e0? \u00abIna&hellip; <a class=\"more-link\" href=\"https:\/\/500.gr.ch\/rum\/11-regiuns-11-purtrets\/\">Continue reading <span class=\"screen-reader-text\">11 regiuns \u2013 11 purtrets<\/span><\/a><\/p>\n","protected":false},"author":7,"featured_media":0,"parent":0,"menu_order":0,"comment_status":"closed","ping_status":"closed","template":"","meta":{"_acf_changed":false,"inline_featured_image":false,"footnotes":""},"class_list":["post-3104","page","type-page","status-publish","hentry","entry"],"acf":[],"_links":{"self":[{"href":"https:\/\/500.gr.ch\/rum\/wp-json\/wp\/v2\/pages\/3104","targetHints":{"allow":["GET"]}}],"collection":[{"href":"https:\/\/500.gr.ch\/rum\/wp-json\/wp\/v2\/pages"}],"about":[{"href":"https:\/\/500.gr.ch\/rum\/wp-json\/wp\/v2\/types\/page"}],"author":[{"embeddable":true,"href":"https:\/\/500.gr.ch\/rum\/wp-json\/wp\/v2\/users\/7"}],"replies":[{"embeddable":true,"href":"https:\/\/500.gr.ch\/rum\/wp-json\/wp\/v2\/comments?post=3104"}],"version-history":[{"count":12,"href":"https:\/\/500.gr.ch\/rum\/wp-json\/wp\/v2\/pages\/3104\/revisions"}],"predecessor-version":[{"id":3293,"href":"https:\/\/500.gr.ch\/rum\/wp-json\/wp\/v2\/pages\/3104\/revisions\/3293"}],"wp:attachment":[{"href":"https:\/\/500.gr.ch\/rum\/wp-json\/wp\/v2\/media?parent=3104"}],"curies":[{"name":"wp","href":"https:\/\/api.w.org\/{rel}","templated":true}]}}