{"id":393,"date":"2023-08-16T14:07:10","date_gmt":"2023-08-16T12:07:10","guid":{"rendered":"https:\/\/500.gr.ch\/projects\/"},"modified":"2024-10-16T14:41:49","modified_gmt":"2024-10-16T12:41:49","slug":"projects","status":"publish","type":"page","link":"https:\/\/500.gr.ch\/rum\/projects\/","title":{"rendered":"Projects"},"content":{"rendered":"<div class=\"wpb-content-wrapper\"><p>[vc_section el_class=&#8221;hero hero_page full_width&#8221; css=&#8221;.vc_custom_1689938943357{background-image: url(https:\/\/500.gr.ch\/wp-content\/uploads\/2023\/07\/Karte_Drei_Buende-3638462761-1.png?id=15) !important;background-position: center !important;background-repeat: no-repeat !important;background-size: cover !important;}&#8221;][vc_row][vc_column][vc_column_text el_class=&#8221;mb-0 white_text title_element&#8221;]<\/p>\n<h1 style=\"text-align: center;\">Projects<\/h1>\n<p>[\/vc_column_text][\/vc_column][\/vc_row][vc_row el_class=&#8221;scroll_icon_wrapper_row&#8221;][vc_column][vc_column_text el_class=&#8221;mb-0 scroll_icon_wrapper&#8221;]<div class=\"scroll_icon_el\"><svg width=\"65\" height=\"65\" viewBox=\"0 0 65 65\" fill=\"none\" xmlns=\"http:\/\/www.w3.org\/2000\/svg\"> <path fill-rule=\"evenodd\" clip-rule=\"evenodd\" d=\"M54.3022 31.7322C55.2769 32.7086 55.2769 34.2915 54.3022 35.2678L34.3355 55.2677C33.3608 56.244 31.7805 56.244 30.8059 55.2677L10.8391 35.2678C9.86452 34.2914 9.86452 32.7085 10.8391 31.7322C11.8138 30.7559 13.3941 30.7559 14.3688 31.7322L32.5707 49.9645L50.7725 31.7322C51.7472 30.7559 53.3275 30.7559 54.3022 31.7322Z\" fill=\"white\"\/> <path fill-rule=\"evenodd\" clip-rule=\"evenodd\" d=\"M54.3022 8.73222C55.2769 9.70855 55.2769 11.2915 54.3022 12.2678L34.3355 32.2677C33.3608 33.244 31.7805 33.244 30.8059 32.2677L10.8391 12.2678C9.86452 11.2914 9.86452 9.70855 10.8391 8.73222C11.8138 7.75592 13.3941 7.75592 14.3688 8.73222L32.5707 26.9645L50.7725 8.73222C51.7472 7.75592 53.3275 7.75592 54.3022 8.73222Z\" fill=\"white\"\/> <\/svg><\/div>[\/vc_column_text][\/vc_column][\/vc_row][\/vc_section][vc_section el_id=&#8221;intro&#8221;][vc_row el_class=&#8221;intro_text&#8221;][vc_column][vc_column_text el_class=&#8221;title_h3 mb-0&#8243;]Co san ins reglar internamain conflicts? E co sa preschentan ins vers anora. Talas dumondas vegnan tractadas en la brev da federaziun dal 1524, l\u2019emprima constituziun \u201cgrischuna\u201d. Ussa vegn la brev da federaziun edida da nov \u2013 e las dumondas vegnan respundidas da maniera bain chapibla en in nov med d\u2019instrucziun.[\/vc_column_text][\/vc_column][\/vc_row][\/vc_section][vc_section el_class=&#8221;master_row&#8221;][vc_row el_class=&#8221;atlas_content_wrapper&#8221;][vc_column][vc_row_inner content_placement=&#8221;middle&#8221; el_class=&#8221;atlas_content_item animate_el&#8221; css=&#8221;.vc_custom_1693491407921{background-color: rgba(40,40,40,0.05) !important;*background-color: rgb(40,40,40) !important;}&#8221;][vc_column_inner el_class=&#8221;atlas_item_image&#8221; width=&#8221;1\/2&#8243;][vc_single_image image=&#8221;3910&#8243; img_size=&#8221;full&#8221; el_class=&#8221;mb-0&#8243;][\/vc_column_inner][vc_column_inner el_class=&#8221;atlas_item_content&#8221; width=&#8221;1\/2&#8243;][vc_column_text el_class=&#8221;title_element&#8221;]<\/p>\n<h2 class=\"words chars splitting\"><span class=\"word\" data-word=\"\u00abDer\"><span class=\"char\" data-char=\"\u00ab\"><span class=\"char_inner\">Cudesch \u00abLa Brev da Federaziun dals 23 da settember 1524\u00bb<\/span><\/span><\/span><\/h2>\n<p>[\/vc_column_text][vc_column_text]Il 1524 \u00e8n sa reunidas la Lia Grischa, la Lia da la Chad\u00e9 e la Lia da las Diesch Dretgiras. La reuniun da las Trais Lias \u00e8 vegnida fixada en ina Brev da Federaziun. Quest document vegn ussa ed\u00ec da l\u2019Archiv dal stadi dal chantun Grischun. L\u2019ediziun dal text original vegn accumpagnada dad ina reproducziun dal text en lingua moderna e d\u2019ina preschentaziun istorica.<\/p>\n<p>Il cudesch ha ina agiunta cun ina reproducziun fotografica da la Brev da Federaziun en grondezza originala.[\/vc_column_text][vc_btn title=&#8221;Al shop&#8221; link=&#8221;url:https%3A%2F%2Fwww.somedia-buchverlag.ch%2Fgesamtverzeichnis%2Fdeder-bundsbrief-vom-23-september-1524%2F|title:Al%20shop|target:_blank|&#8221;][\/vc_column_inner][\/vc_row_inner][vc_row_inner content_placement=&#8221;middle&#8221; el_class=&#8221;atlas_content_item animate_el&#8221; css=&#8221;.vc_custom_1693491414026{background-color: rgba(40,40,40,0.05) !important;*background-color: rgb(40,40,40) !important;}&#8221;][vc_column_inner el_class=&#8221;atlas_item_image&#8221; width=&#8221;1\/2&#8243;][vc_single_image image=&#8221;5132&#8243; img_size=&#8221;full&#8221; el_class=&#8221;mb-0&#8243;][\/vc_column_inner][vc_column_inner el_class=&#8221;atlas_item_content&#8221; width=&#8221;1\/2&#8243;][vc_column_text el_class=&#8221;title_element&#8221;]<\/p>\n<h2>Teater al liber \u00ab1524\u00bb<\/h2>\n<p>[\/vc_column_text][vc_column_text]Sin la planira auta da Lantsch ha in grond teater al liber sia premiera. El raquinta da las discordias politicas en las vals grischunas, dal gieu europeic da las pussanzas e da la naschientscha dal stadi liber. En vischinanza directa dal lieu d\u2019impurtanza istorica Vazarouls vegn construida ina tribuna al liber entamez la cuntrada. Acturas ed acturs sa movan sin la prada vasta, vegnan ensemen e svaneschan pusp\u00e8 a l\u2019orizont. Il sguard dad aspectaturas ed aspectaturs s\u2019avra en la cuntrada grondiusa. Il gieu liber fa in grond artg che illuminescha ils decennis avant e suenter la conclusiun da l\u2019allianza.<\/p>\n<p><a title=\"\" href=\"http:\/\/www.origen.ch\/theater\" target=\"_blank\" rel=\"noopener\">La Nova Fundaziun Origen<\/a> realisescha ils teaters al liber cun il sustegn generus da las vischnancas dad Alvra, Bravuogn Filisur, Lantsch, Surses, Schmitten e Vaz sco er dal chantun Grischun.[\/vc_column_text][vc_btn title=&#8221;Impressiuns&#8221; link=&#8221;url:https%3A%2F%2Fpcloud.gr.ch%2Fs%2FZ3sPZKdH9qqGLcN|title:Impressiuns|target:_blank|&#8221;][\/vc_column_inner][\/vc_row_inner][vc_row_inner content_placement=&#8221;middle&#8221; el_class=&#8221;atlas_content_item animate_el&#8221; css=&#8221;.vc_custom_1693491407921{background-color: rgba(40,40,40,0.05) !important;*background-color: rgb(40,40,40) !important;}&#8221;][vc_column_inner el_class=&#8221;atlas_item_image&#8221; width=&#8221;1\/2&#8243;][vc_single_image image=&#8221;5121&#8243; img_size=&#8221;full&#8221; el_class=&#8221;mb-0&#8243;][\/vc_column_inner][vc_column_inner el_class=&#8221;atlas_item_content&#8221; width=&#8221;1\/2&#8243;][vc_column_text el_class=&#8221;title_element&#8221;]<\/p>\n<h2 class=\"words chars splitting\"><span class=\"word\" data-word=\"\u00abDer\"><span class=\"char\" data-char=\"\u00ab\"><span class=\"char_inner\">Cudesch \u00abAtlas da l&#8217;istorgia dal Grischun 1524 &#8211; 2024\u00bb<\/span><\/span><\/span><\/h2>\n<p>[\/vc_column_text][vc_column_text]L\u2019 \u00abAtlas da l\u2019istorgia dal Grischun 1524-2024\u00bb visualisescha 50 temas en ils secturs populaziun, ambient, economia, politica e cultura. El vegn ed\u00ec en moda digitala ed en furma da cudesch, da retrair en tut las linguas chantunalas, da l\u2019Institut grischun per la perscrutaziun da la cultura en stretga collavuraziun cun l\u2019Archiv dal stadi dal chantun Grischun.<\/p>\n<p>L\u2019atlas cumpara il settember 2024.[\/vc_column_text][vc_btn title=&#8221;Savair dapli&#8221; link=&#8221;url:https%3A%2F%2F500.gr.ch%2Frum%2Fatlas%2F|title:Atlas|&#8221;][\/vc_column_inner][\/vc_row_inner][vc_row_inner content_placement=&#8221;middle&#8221; el_class=&#8221;atlas_content_item animate_el&#8221; css=&#8221;.vc_custom_1705406018263{background-color: rgba(40,40,40,0.05) !important;*background-color: rgb(40,40,40) !important;}&#8221;][vc_column_inner el_class=&#8221;atlas_item_image&#8221; width=&#8221;1\/2&#8243;][vc_single_image image=&#8221;4177&#8243; img_size=&#8221;full&#8221; el_class=&#8221;mb-0&#8243;][\/vc_column_inner][vc_column_inner el_class=&#8221;atlas_item_content&#8221; width=&#8221;1\/2&#8243;][vc_column_text el_class=&#8221;title_element&#8221;]<\/p>\n<h2>Gieu auditiv \u00abL&#8217;ultim dragun\u00bb<\/h2>\n<p>[\/vc_column_text][vc_column_text]Il dragun dal Schwarzhorn duai avair g\u00ec differentas aventuras avant sia bandischun.<br \/>\nIl gieu auditiv raquinta en otg episodas la saga dal dragun grischun. Audituras ed auditurs fan in viadi istoric cun relaziuns cun il preschent dal Grischun actual.[\/vc_column_text][vc_btn title=&#8221;Savair dapli&#8221; link=&#8221;url:https%3A%2F%2F500.gr.ch%2Frum%2Fgieu-auditiv%2F|target:_blank|&#8221;][\/vc_column_inner][\/vc_row_inner][vc_row_inner content_placement=&#8221;middle&#8221; el_class=&#8221;atlas_content_item animate_el&#8221; css=&#8221;.vc_custom_1693491414026{background-color: rgba(40,40,40,0.05) !important;*background-color: rgb(40,40,40) !important;}&#8221;][vc_column_inner el_class=&#8221;atlas_item_image&#8221; width=&#8221;1\/2&#8243;][vc_single_image image=&#8221;5327&#8243; img_size=&#8221;full&#8221; el_class=&#8221;mb-0&#8243;][\/vc_column_inner][vc_column_inner el_class=&#8221;atlas_item_content&#8221; width=&#8221;1\/2&#8243;][vc_column_text el_class=&#8221;title_element&#8221;]<\/p>\n<h2>Arranschament didactic \u00abSin ils fastizs da las Trais Lias\u00bb<\/h2>\n<p>[\/vc_column_text][vc_column_text]Il giubileum \u00ab500 onns Stadi liber da las Trais Lias\u00bb rinforza la schientscha istorica en il Grischun surora l\u2019onn da giubileum per propi. Generaziuns futuras profitan d\u2019in arranschament didactic <span class=\"word\" data-word=\"\u00abSin\"><span class=\"char\" data-char=\"\u00ab\"><span class=\"char_inner\">\u00ab<\/span><\/span><span class=\"char\" data-char=\"S\"><span class=\"char_inner\">S<\/span><\/span><span class=\"char\" data-char=\"i\"><span class=\"char_inner\">i<\/span><\/span><span class=\"char\" data-char=\"n\"><span class=\"char_inner\">n<\/span><\/span><\/span><span class=\"whitespace\">\u00a0<\/span><span class=\"word\" data-word=\"ils\"><span class=\"char\" data-char=\"i\"><span class=\"char_inner\">i<\/span><\/span><span class=\"char\" data-char=\"l\"><span class=\"char_inner\">l<\/span><\/span><span class=\"char\" data-char=\"s\"><span class=\"char_inner\">s<\/span><\/span><\/span><span class=\"whitespace\">\u00a0<\/span><span class=\"word\" data-word=\"fastizs\"><span class=\"char\" data-char=\"f\"><span class=\"char_inner\">f<\/span><\/span><span class=\"char\" data-char=\"a\"><span class=\"char_inner\">a<\/span><\/span><span class=\"char\" data-char=\"s\"><span class=\"char_inner\">s<\/span><\/span><span class=\"char\" data-char=\"t\"><span class=\"char_inner\">t<\/span><\/span><span class=\"char\" data-char=\"i\"><span class=\"char_inner\">i<\/span><\/span><span class=\"char\" data-char=\"z\"><span class=\"char_inner\">z<\/span><\/span><span class=\"char\" data-char=\"s\"><span class=\"char_inner\">s<\/span><\/span><\/span><span class=\"whitespace\">\u00a0<\/span><span class=\"word\" data-word=\"da\"><span class=\"char\" data-char=\"d\"><span class=\"char_inner\">d<\/span><\/span><span class=\"char\" data-char=\"a\"><span class=\"char_inner\">a<\/span><\/span><\/span><span class=\"whitespace\">\u00a0<\/span><span class=\"word\" data-word=\"las\"><span class=\"char\" data-char=\"l\"><span class=\"char_inner\">l<\/span><\/span><span class=\"char\" data-char=\"a\"><span class=\"char_inner\">a<\/span><\/span><span class=\"char\" data-char=\"s\"><span class=\"char_inner\">s<\/span><\/span><\/span><span class=\"whitespace\">\u00a0<\/span><span class=\"word\" data-word=\"Trais\"><span class=\"char\" data-char=\"T\"><span class=\"char_inner\">T<\/span><\/span><span class=\"char\" data-char=\"r\"><span class=\"char_inner\">r<\/span><\/span><span class=\"char\" data-char=\"a\"><span class=\"char_inner\">a<\/span><\/span><span class=\"char\" data-char=\"i\"><span class=\"char_inner\">i<\/span><\/span><span class=\"char\" data-char=\"s\"><span class=\"char_inner\">s<\/span><\/span><\/span><span class=\"whitespace\">\u00a0<\/span><span class=\"word\" data-word=\"Lias\u00bb\"><span class=\"char\" data-char=\"L\"><span class=\"char_inner\">L<\/span><\/span><span class=\"char\" data-char=\"i\"><span class=\"char_inner\">i<\/span><\/span><span class=\"char\" data-char=\"a\"><span class=\"char_inner\">a<\/span><\/span><span class=\"char\" data-char=\"s\"><span class=\"char_inner\">s<\/span><\/span><span class=\"char\" data-char=\"\u00bb\"><span class=\"char_inner\">\u00bb <\/span><\/span><\/span>en il nov med d\u2019instrucziun digital e pluriling: \u00abInVista Grischun\u00bb.[\/vc_column_text][vc_btn title=&#8221;Savair dapli&#8221; link=&#8221;url:https%3A%2F%2F500.gr.ch%2Frum%2F500-onns-stadi-liber-da-las-trais-lias-arranschament-didactic-sin-ils-fastizs-da-las-trais-lias%2F|title:Lernarrangement|target:_blank|&#8221;][\/vc_column_inner][\/vc_row_inner][\/vc_column][\/vc_row][\/vc_section][vc_section disable_element=&#8221;yes&#8221; css=&#8221;.vc_custom_1707208886623{background-color: #282828 !important;}&#8221;][vc_row el_class=&#8221;impressionen_row&#8221;][vc_column][vc_column_text el_class=&#8221;white_text&#8221;]<\/p>\n<h2>Impressiuns<\/h2>\n<p>[\/vc_column_text][vc_gallery type=&#8221;image_grid&#8221; images=&#8221;25,23,22,24&#8243; img_size=&#8221;full&#8221; el_class=&#8221;mb-0 animate_el&#8221;][\/vc_column][\/vc_row][\/vc_section]<\/p>\n<\/div>","protected":false},"excerpt":{"rendered":"<p>[vc_section el_class=&#8221;hero hero_page full_width&#8221; css=&#8221;.vc_custom_1689938943357{background-image: url(https:\/\/500.gr.ch\/wp-content\/uploads\/2023\/07\/Karte_Drei_Buende-3638462761-1.png?id=15) !important;background-position: center !important;background-repeat: no-repeat !important;background-size: cover !important;}&#8221;][vc_row][vc_column][vc_column_text el_class=&#8221;mb-0 white_text title_element&#8221;] Projects [\/vc_column_text][\/vc_column][\/vc_row][vc_row el_class=&#8221;scroll_icon_wrapper_row&#8221;][vc_column][vc_column_text el_class=&#8221;mb-0 scroll_icon_wrapper&#8221;][\/vc_column_text][\/vc_column][\/vc_row][\/vc_section][vc_section el_id=&#8221;intro&#8221;][vc_row el_class=&#8221;intro_text&#8221;][vc_column][vc_column_text el_class=&#8221;title_h3 mb-0&#8243;]Co san ins reglar internamain conflicts? E co sa preschentan ins vers anora. Talas dumondas vegnan tractadas en la brev da federaziun dal 1524, l\u2019emprima constituziun \u201cgrischuna\u201d. Ussa vegn la brev&hellip; <a class=\"more-link\" href=\"https:\/\/500.gr.ch\/rum\/projects\/\">Continue reading <span class=\"screen-reader-text\">Projects<\/span><\/a><\/p>\n","protected":false},"author":1,"featured_media":0,"parent":0,"menu_order":0,"comment_status":"closed","ping_status":"closed","template":"","meta":{"_acf_changed":false,"inline_featured_image":false,"footnotes":""},"class_list":["post-393","page","type-page","status-publish","hentry","entry"],"acf":[],"_links":{"self":[{"href":"https:\/\/500.gr.ch\/rum\/wp-json\/wp\/v2\/pages\/393","targetHints":{"allow":["GET"]}}],"collection":[{"href":"https:\/\/500.gr.ch\/rum\/wp-json\/wp\/v2\/pages"}],"about":[{"href":"https:\/\/500.gr.ch\/rum\/wp-json\/wp\/v2\/types\/page"}],"author":[{"embeddable":true,"href":"https:\/\/500.gr.ch\/rum\/wp-json\/wp\/v2\/users\/1"}],"replies":[{"embeddable":true,"href":"https:\/\/500.gr.ch\/rum\/wp-json\/wp\/v2\/comments?post=393"}],"version-history":[{"count":86,"href":"https:\/\/500.gr.ch\/rum\/wp-json\/wp\/v2\/pages\/393\/revisions"}],"predecessor-version":[{"id":5359,"href":"https:\/\/500.gr.ch\/rum\/wp-json\/wp\/v2\/pages\/393\/revisions\/5359"}],"wp:attachment":[{"href":"https:\/\/500.gr.ch\/rum\/wp-json\/wp\/v2\/media?parent=393"}],"curies":[{"name":"wp","href":"https:\/\/api.w.org\/{rel}","templated":true}]}}